{"id":1024,"date":"2022-07-28T13:59:26","date_gmt":"2022-07-28T11:59:26","guid":{"rendered":"https:\/\/porozumienie.org\/?page_id=1024"},"modified":"2023-09-01T12:40:29","modified_gmt":"2023-09-01T10:40:29","slug":"bezpieczny-swiadomy-i-zdrowy-senior","status":"publish","type":"page","link":"https:\/\/porozumienie.org\/?page_id=1024","title":{"rendered":"Bezpieczny, \u015bwiadomy i zdrowy senior"},"content":{"rendered":"\t\t<div data-elementor-type=\"wp-page\" data-elementor-id=\"1024\" class=\"elementor elementor-1024\">\n\t\t\t\t\t\t<section class=\"elementor-section elementor-top-section elementor-element elementor-element-8177541 elementor-section-boxed elementor-section-height-default elementor-section-height-default\" data-id=\"8177541\" data-element_type=\"section\">\n\t\t\t\t\t\t<div class=\"elementor-container elementor-column-gap-default\">\n\t\t\t\t\t<div class=\"elementor-column elementor-col-33 elementor-top-column elementor-element elementor-element-1e61f92\" data-id=\"1e61f92\" data-element_type=\"column\">\n\t\t\t<div class=\"elementor-widget-wrap elementor-element-populated\">\n\t\t\t\t\t\t<div class=\"elementor-element elementor-element-662d8ce elementor-widget elementor-widget-image\" data-id=\"662d8ce\" data-element_type=\"widget\" data-widget_type=\"image.default\">\n\t\t\t\t<div class=\"elementor-widget-container\">\n\t\t\t\t\t\t\t\t\t\t\t\t\t\t\t<img decoding=\"async\" width=\"300\" height=\"100\" src=\"https:\/\/porozumienie.org\/wp-content\/uploads\/2022\/07\/znaki_strona_www-300x100.png\" class=\"attachment-medium size-medium wp-image-1058\" alt=\"\" srcset=\"https:\/\/porozumienie.org\/wp-content\/uploads\/2022\/07\/znaki_strona_www-300x100.png 300w, https:\/\/porozumienie.org\/wp-content\/uploads\/2022\/07\/znaki_strona_www-1024x341.png 1024w, https:\/\/porozumienie.org\/wp-content\/uploads\/2022\/07\/znaki_strona_www-768x256.png 768w, https:\/\/porozumienie.org\/wp-content\/uploads\/2022\/07\/znaki_strona_www-1536x511.png 1536w, https:\/\/porozumienie.org\/wp-content\/uploads\/2022\/07\/znaki_strona_www.png 1751w\" sizes=\"(max-width: 300px) 100vw, 300px\" \/>\t\t\t\t\t\t\t\t\t\t\t\t\t\t\t<\/div>\n\t\t\t\t<\/div>\n\t\t\t\t\t<\/div>\n\t\t<\/div>\n\t\t\t\t<div class=\"elementor-column elementor-col-33 elementor-top-column elementor-element elementor-element-05c7e31\" data-id=\"05c7e31\" data-element_type=\"column\">\n\t\t\t<div class=\"elementor-widget-wrap elementor-element-populated\">\n\t\t\t\t\t\t<div class=\"elementor-element elementor-element-876ad7f elementor-widget elementor-widget-image\" data-id=\"876ad7f\" data-element_type=\"widget\" data-widget_type=\"image.default\">\n\t\t\t\t<div class=\"elementor-widget-container\">\n\t\t\t\t\t\t\t\t\t\t\t\t\t\t\t<img decoding=\"async\" width=\"300\" height=\"150\" src=\"https:\/\/porozumienie.org\/wp-content\/uploads\/2022\/07\/logo_MRiPS_jpg-300x150.jpg\" class=\"attachment-medium size-medium wp-image-1049\" alt=\"\" srcset=\"https:\/\/porozumienie.org\/wp-content\/uploads\/2022\/07\/logo_MRiPS_jpg-300x150.jpg 300w, https:\/\/porozumienie.org\/wp-content\/uploads\/2022\/07\/logo_MRiPS_jpg-1024x512.jpg 1024w, https:\/\/porozumienie.org\/wp-content\/uploads\/2022\/07\/logo_MRiPS_jpg-768x384.jpg 768w, https:\/\/porozumienie.org\/wp-content\/uploads\/2022\/07\/logo_MRiPS_jpg.jpg 1182w\" sizes=\"(max-width: 300px) 100vw, 300px\" \/>\t\t\t\t\t\t\t\t\t\t\t\t\t\t\t<\/div>\n\t\t\t\t<\/div>\n\t\t\t\t\t<\/div>\n\t\t<\/div>\n\t\t\t\t<div class=\"elementor-column elementor-col-33 elementor-top-column elementor-element elementor-element-ecf6c2f\" data-id=\"ecf6c2f\" data-element_type=\"column\">\n\t\t\t<div class=\"elementor-widget-wrap elementor-element-populated\">\n\t\t\t\t\t\t<div class=\"elementor-element elementor-element-b658255 elementor-widget elementor-widget-image\" data-id=\"b658255\" data-element_type=\"widget\" data-widget_type=\"image.default\">\n\t\t\t\t<div class=\"elementor-widget-container\">\n\t\t\t\t\t\t\t\t\t\t\t\t\t\t\t<img decoding=\"async\" width=\"300\" height=\"103\" src=\"https:\/\/porozumienie.org\/wp-content\/uploads\/2022\/07\/Aktywni-logo-300x103.jpg\" class=\"attachment-medium size-medium wp-image-1050\" alt=\"\" srcset=\"https:\/\/porozumienie.org\/wp-content\/uploads\/2022\/07\/Aktywni-logo-300x103.jpg 300w, https:\/\/porozumienie.org\/wp-content\/uploads\/2022\/07\/Aktywni-logo-1024x353.jpg 1024w, https:\/\/porozumienie.org\/wp-content\/uploads\/2022\/07\/Aktywni-logo-768x265.jpg 768w, https:\/\/porozumienie.org\/wp-content\/uploads\/2022\/07\/Aktywni-logo-1536x530.jpg 1536w, https:\/\/porozumienie.org\/wp-content\/uploads\/2022\/07\/Aktywni-logo-2048x707.jpg 2048w\" sizes=\"(max-width: 300px) 100vw, 300px\" \/>\t\t\t\t\t\t\t\t\t\t\t\t\t\t\t<\/div>\n\t\t\t\t<\/div>\n\t\t\t\t\t<\/div>\n\t\t<\/div>\n\t\t\t\t\t<\/div>\n\t\t<\/section>\n\t\t\t\t<section class=\"elementor-section elementor-top-section elementor-element elementor-element-2ad33fc elementor-section-boxed elementor-section-height-default elementor-section-height-default\" data-id=\"2ad33fc\" data-element_type=\"section\" data-settings=\"{&quot;background_background&quot;:&quot;classic&quot;}\">\n\t\t\t\t\t\t\t<div class=\"elementor-background-overlay\"><\/div>\n\t\t\t\t\t\t\t<div class=\"elementor-container elementor-column-gap-default\">\n\t\t\t\t\t<div class=\"elementor-column elementor-col-100 elementor-top-column elementor-element elementor-element-e48866f\" data-id=\"e48866f\" data-element_type=\"column\">\n\t\t\t<div class=\"elementor-widget-wrap elementor-element-populated\">\n\t\t\t\t\t\t<div class=\"elementor-element elementor-element-9029b10 elementor-widget elementor-widget-heading\" data-id=\"9029b10\" data-element_type=\"widget\" data-widget_type=\"heading.default\">\n\t\t\t\t<div class=\"elementor-widget-container\">\n\t\t\t\t\t<h2 class=\"elementor-heading-title elementor-size-default\"><strong>\u201eBezpieczny, czyli \u015bwiadomy i zdrowy senior\u201d<\/strong> - Edycja 2022<\/h2>\t\t\t\t<\/div>\n\t\t\t\t<\/div>\n\t\t\t\t\t<\/div>\n\t\t<\/div>\n\t\t\t\t\t<\/div>\n\t\t<\/section>\n\t\t\t\t<section class=\"elementor-section elementor-top-section elementor-element elementor-element-4729815 elementor-section-boxed elementor-section-height-default elementor-section-height-default\" data-id=\"4729815\" data-element_type=\"section\">\n\t\t\t\t\t\t<div class=\"elementor-container elementor-column-gap-default\">\n\t\t\t\t\t<div class=\"elementor-column elementor-col-100 elementor-top-column elementor-element elementor-element-a71508a\" data-id=\"a71508a\" data-element_type=\"column\">\n\t\t\t<div class=\"elementor-widget-wrap elementor-element-populated\">\n\t\t\t\t\t\t<div class=\"elementor-element elementor-element-8126195 elementor-widget elementor-widget-text-editor\" data-id=\"8126195\" data-element_type=\"widget\" data-widget_type=\"text-editor.default\">\n\t\t\t\t<div class=\"elementor-widget-container\">\n\t\t\t\t\t\t\t\t\t<p><strong>Program \u201eBezpieczny, czyli \u015bwiadomy i zdrowy senior\u201d to szereg bezp\u0142atnych zaj\u0119\u0107 dla senior\u00f3w z powiat\u00f3w tomaszowskiego i opoczy\u0144skiego.<\/strong><\/p>\n<p><strong>Zaj\u0119cia prowadzone s\u0105 przez wykwalifikowanych specjalist\u00f3w, tj. prawnik\u00f3w, personel medyczny, przedstawicieli s\u0142u\u017cb mundurowych, praktyk\u00f3w na co dzie\u0144 zajmuj\u0105cych si\u0119 zawodowo omawianymi w ramach warsztat\u00f3w zagadnieniami. Zaj\u0119cia zwi\u0119ksz\u0105 \u015bwiadomo\u015b\u0107 senior\u00f3w w istotnych dla Nich dziedzinach takich jak:<\/strong><\/p>\n<ul>\n<li><strong>zdrowie fizyczne i psychiczne senior\u00f3w;<\/strong><\/li>\n<li><strong>aktywno\u015b\u0107 fizyczna senior\u00f3w;<\/strong><\/li>\n<li><strong>prawa senior\u00f3w;<\/strong><\/li>\n<li><strong>pomoc prawna dla senior\u00f3w;<\/strong><\/li>\n<li><strong>oszustwa na seniorach.<\/strong><\/li>\n<\/ul>\n<div><p><strong>Terminy i inne informacje dotycz\u0105ce zaj\u0119\u0107 realizowanych w ramach programu w roku 2022 mog\u0105 Pa\u0144stwo odnale\u017a\u0107 <a href=\"https:\/\/porozumienie.org\/?page_id=1269\">tutaj<\/a>.<\/strong><\/p><strong>\n<\/strong><p><strong>Zadanie <\/strong><strong>\u201eBezpieczny, czyli \u015bwiadomy i zdrowy senior\u201d jest wsp\u00f3\u0142finansowane ze \u015brodk\u00f3w otrzymanych od Ministra Rodziny i Polityki Spo\u0142ecznej w ramach rz\u0105dowego programu wieloletniego na rzecz Os\u00f3b Starszych \u201eAktywni+\u201d na lata 2021\u20132025, Edycja 2022.<br><\/strong><\/p><strong>Wi\u0119cej o <\/strong><strong><strong>rz\u0105dowym programie wieloletnim na rzecz Os\u00f3b Starszych \u201eAktywni+\u201d na lata 2021\u20132025<\/strong> mo\u017cna dowiedzie\u0107 si\u0119 klikaj\u0105c <a href=\"http:\/\/senior.gov.pl\/program_asos\/strona\/92\">tutaj<\/a>.<br><\/strong><\/div>\t\t\t\t\t\t\t\t<\/div>\n\t\t\t\t<\/div>\n\t\t\t\t\t<\/div>\n\t\t<\/div>\n\t\t\t\t\t<\/div>\n\t\t<\/section>\n\t\t\t\t<section class=\"elementor-section elementor-top-section elementor-element elementor-element-c75980c elementor-section-boxed elementor-section-height-default elementor-section-height-default\" data-id=\"c75980c\" data-element_type=\"section\">\n\t\t\t\t\t\t<div class=\"elementor-container elementor-column-gap-default\">\n\t\t\t\t\t<div class=\"elementor-column elementor-col-50 elementor-top-column elementor-element elementor-element-9c93db9\" data-id=\"9c93db9\" data-element_type=\"column\">\n\t\t\t<div class=\"elementor-widget-wrap elementor-element-populated\">\n\t\t\t\t\t\t<div class=\"elementor-element elementor-element-ff56ecb elementor-widget elementor-widget-image\" data-id=\"ff56ecb\" data-element_type=\"widget\" data-widget_type=\"image.default\">\n\t\t\t\t<div class=\"elementor-widget-container\">\n\t\t\t\t\t\t\t\t\t\t\t\t\t\t\t<img loading=\"lazy\" decoding=\"async\" width=\"1024\" height=\"512\" src=\"https:\/\/porozumienie.org\/wp-content\/uploads\/2022\/07\/logo_MRiPS_png-1024x512.png\" class=\"attachment-large size-large wp-image-1048\" alt=\"\" srcset=\"https:\/\/porozumienie.org\/wp-content\/uploads\/2022\/07\/logo_MRiPS_png-1024x512.png 1024w, https:\/\/porozumienie.org\/wp-content\/uploads\/2022\/07\/logo_MRiPS_png-300x150.png 300w, https:\/\/porozumienie.org\/wp-content\/uploads\/2022\/07\/logo_MRiPS_png-768x384.png 768w, https:\/\/porozumienie.org\/wp-content\/uploads\/2022\/07\/logo_MRiPS_png.png 1182w\" sizes=\"(max-width: 1024px) 100vw, 1024px\" \/>\t\t\t\t\t\t\t\t\t\t\t\t\t\t\t<\/div>\n\t\t\t\t<\/div>\n\t\t\t\t\t<\/div>\n\t\t<\/div>\n\t\t\t\t<div class=\"elementor-column elementor-col-50 elementor-top-column elementor-element elementor-element-5a17767\" data-id=\"5a17767\" data-element_type=\"column\">\n\t\t\t<div class=\"elementor-widget-wrap elementor-element-populated\">\n\t\t\t\t\t\t<div class=\"elementor-element elementor-element-9b408ac elementor-widget elementor-widget-image\" data-id=\"9b408ac\" data-element_type=\"widget\" data-widget_type=\"image.default\">\n\t\t\t\t<div class=\"elementor-widget-container\">\n\t\t\t\t\t\t\t\t\t\t\t\t\t\t\t<img loading=\"lazy\" decoding=\"async\" width=\"1024\" height=\"353\" src=\"https:\/\/porozumienie.org\/wp-content\/uploads\/2022\/07\/Aktywni-logo-1024x353.jpg\" class=\"attachment-large size-large wp-image-1050\" alt=\"\" srcset=\"https:\/\/porozumienie.org\/wp-content\/uploads\/2022\/07\/Aktywni-logo-1024x353.jpg 1024w, https:\/\/porozumienie.org\/wp-content\/uploads\/2022\/07\/Aktywni-logo-300x103.jpg 300w, https:\/\/porozumienie.org\/wp-content\/uploads\/2022\/07\/Aktywni-logo-768x265.jpg 768w, https:\/\/porozumienie.org\/wp-content\/uploads\/2022\/07\/Aktywni-logo-1536x530.jpg 1536w, https:\/\/porozumienie.org\/wp-content\/uploads\/2022\/07\/Aktywni-logo-2048x707.jpg 2048w\" sizes=\"(max-width: 1024px) 100vw, 1024px\" \/>\t\t\t\t\t\t\t\t\t\t\t\t\t\t\t<\/div>\n\t\t\t\t<\/div>\n\t\t\t\t\t<\/div>\n\t\t<\/div>\n\t\t\t\t\t<\/div>\n\t\t<\/section>\n\t\t\t\t<section class=\"elementor-section elementor-top-section elementor-element elementor-element-94cd224 elementor-section-boxed elementor-section-height-default elementor-section-height-default\" data-id=\"94cd224\" data-element_type=\"section\">\n\t\t\t\t\t\t<div class=\"elementor-container elementor-column-gap-default\">\n\t\t\t\t\t<div class=\"elementor-column elementor-col-100 elementor-top-column elementor-element elementor-element-9988118\" data-id=\"9988118\" data-element_type=\"column\">\n\t\t\t<div class=\"elementor-widget-wrap elementor-element-populated\">\n\t\t\t\t\t\t<div class=\"elementor-element elementor-element-eab327b elementor-position-top elementor-widget elementor-widget-image-box\" data-id=\"eab327b\" data-element_type=\"widget\" data-widget_type=\"image-box.default\">\n\t\t\t\t<div class=\"elementor-widget-container\">\n\t\t\t\t\t<div class=\"elementor-image-box-wrapper\"><figure class=\"elementor-image-box-img\"><img loading=\"lazy\" decoding=\"async\" width=\"1751\" height=\"583\" src=\"https:\/\/porozumienie.org\/wp-content\/uploads\/2022\/07\/znaki_strona_www.png\" class=\"attachment-full size-full wp-image-1058\" alt=\"\" srcset=\"https:\/\/porozumienie.org\/wp-content\/uploads\/2022\/07\/znaki_strona_www.png 1751w, https:\/\/porozumienie.org\/wp-content\/uploads\/2022\/07\/znaki_strona_www-300x100.png 300w, https:\/\/porozumienie.org\/wp-content\/uploads\/2022\/07\/znaki_strona_www-1024x341.png 1024w, https:\/\/porozumienie.org\/wp-content\/uploads\/2022\/07\/znaki_strona_www-768x256.png 768w, https:\/\/porozumienie.org\/wp-content\/uploads\/2022\/07\/znaki_strona_www-1536x511.png 1536w\" sizes=\"(max-width: 1751px) 100vw, 1751px\" \/><\/figure><div class=\"elementor-image-box-content\"><h4 class=\"elementor-image-box-title\">Dofinansowano ze \u015arodk\u00f3w bud\u017cetu pa\u0144stwa<\/h4><p class=\"elementor-image-box-description\"><p><b>Program wieloletni na rzecz Os\u00f3b Starszych \u201eAktywni+\u201d na lata 2021\u20132025 Edycja 2022<\/b><\/p>\n<p> Zadanie: \"Bezpieczny, czyli zdrowy i \u015bwiadomy senior\"<\/p>\n<p>Warto\u015b\u0107 dofinansowania zadania ze \u015brodk\u00f3w bud\u017cetu pa\u0144stwa wynosi 199 900.00 z\u0142. <\/p>\n<p>Ca\u0142kowity koszt zadania wynosi 222 850.00 z\u0142. <\/p>\n\n<p>Zadanie \u201eBezpieczny, czyli \u015bwiadomy i zdrowy senior\u201d to szereg bezp\u0142atnych zaj\u0119\u0107 dla senior\u00f3w z powiat\u00f3w tomaszowskiego i opoczy\u0144skiego, kt\u00f3re zmierzaj\u0105 do zwi\u0119kszania \u015bwiadomo\u015bci w zakresie ochrony swojego zdrowia oraz praw.<\/p>\n<\/p><\/div><\/div>\t\t\t\t<\/div>\n\t\t\t\t<\/div>\n\t\t\t\t\t<\/div>\n\t\t<\/div>\n\t\t\t\t\t<\/div>\n\t\t<\/section>\n\t\t\t\t<\/div>\n\t\t","protected":false},"excerpt":{"rendered":"<p>\u201eBezpieczny, czyli \u015bwiadomy i zdrowy senior\u201d &#8211; Edycja 2022 Program \u201eBezpieczny, czyli \u015bwiadomy i zdrowy senior\u201d to szereg bezp\u0142atnych zaj\u0119\u0107 dla senior\u00f3w z powiat\u00f3w tomaszowskiego i opoczy\u0144skiego. Zaj\u0119cia prowadzone s\u0105 przez wykwalifikowanych specjalist\u00f3w, tj. prawnik\u00f3w, personel medyczny, przedstawicieli s\u0142u\u017cb mundurowych, praktyk\u00f3w na co dzie\u0144 zajmuj\u0105cych si\u0119 zawodowo omawianymi w ramach warsztat\u00f3w zagadnieniami. Zaj\u0119cia zwi\u0119ksz\u0105 \u015bwiadomo\u015b\u0107&#8230;<\/p>\n","protected":false},"author":1,"featured_media":0,"parent":0,"menu_order":0,"comment_status":"closed","ping_status":"closed","template":"","meta":{"_kadence_starter_templates_imported_post":false,"_kad_post_transparent":"","_kad_post_title":"hide","_kad_post_layout":"fullwidth","_kad_post_sidebar_id":"","_kad_post_content_style":"unboxed","_kad_post_vertical_padding":"hide","_kad_post_feature":"hide","_kad_post_feature_position":"","_kad_post_header":false,"_kad_post_footer":false,"footnotes":""},"class_list":["post-1024","page","type-page","status-publish","hentry"],"yoast_head":"<!-- This site is optimized with the Yoast SEO plugin v24.5 - https:\/\/yoast.com\/wordpress\/plugins\/seo\/ -->\n<title>Bezpieczny, \u015bwiadomy i zdrowy senior - Fundacja Porozumienia Spo\u0142ecznego<\/title>\n<meta name=\"description\" content=\"Program \u201eBezpieczny, czyli \u015bwiadomy i zdrowy senior\u201d to szereg bezp\u0142atnych zaj\u0119\u0107 punktu nieodp\u0142atnej pomocy prawnej dla senior\u00f3w..\" \/>\n<meta name=\"robots\" content=\"index, follow, max-snippet:-1, max-image-preview:large, max-video-preview:-1\" \/>\n<link rel=\"canonical\" href=\"https:\/\/porozumienie.org\/?page_id=1024\" \/>\n<meta property=\"og:locale\" content=\"pl_PL\" \/>\n<meta property=\"og:type\" content=\"article\" \/>\n<meta property=\"og:title\" content=\"Bezpieczny, \u015bwiadomy i zdrowy senior - Fundacja Porozumienia Spo\u0142ecznego\" \/>\n<meta property=\"og:description\" content=\"Program \u201eBezpieczny, czyli \u015bwiadomy i zdrowy senior\u201d to szereg bezp\u0142atnych zaj\u0119\u0107 punktu nieodp\u0142atnej pomocy prawnej dla senior\u00f3w..\" \/>\n<meta property=\"og:url\" content=\"https:\/\/porozumienie.org\/?page_id=1024\" \/>\n<meta property=\"og:site_name\" content=\"Fundacja Porozumienia Spo\u0142ecznego\" \/>\n<meta property=\"article:modified_time\" content=\"2023-09-01T10:40:29+00:00\" \/>\n<meta property=\"og:image\" content=\"https:\/\/porozumienie.org\/wp-content\/uploads\/2022\/07\/znaki_strona_www-300x100.png\" \/>\n<meta name=\"twitter:card\" content=\"summary_large_image\" \/>\n<meta name=\"twitter:label1\" content=\"Szacowany czas czytania\" \/>\n\t<meta name=\"twitter:data1\" content=\"1 minuta\" \/>\n<script type=\"application\/ld+json\" class=\"yoast-schema-graph\">{\"@context\":\"https:\/\/schema.org\",\"@graph\":[{\"@type\":\"WebPage\",\"@id\":\"https:\/\/porozumienie.org\/?page_id=1024\",\"url\":\"https:\/\/porozumienie.org\/?page_id=1024\",\"name\":\"Bezpieczny, \u015bwiadomy i zdrowy senior - Fundacja Porozumienia Spo\u0142ecznego\",\"isPartOf\":{\"@id\":\"https:\/\/porozumienie.org\/#website\"},\"primaryImageOfPage\":{\"@id\":\"https:\/\/porozumienie.org\/?page_id=1024#primaryimage\"},\"image\":{\"@id\":\"https:\/\/porozumienie.org\/?page_id=1024#primaryimage\"},\"thumbnailUrl\":\"https:\/\/porozumienie.org\/wp-content\/uploads\/2022\/07\/znaki_strona_www-300x100.png\",\"datePublished\":\"2022-07-28T11:59:26+00:00\",\"dateModified\":\"2023-09-01T10:40:29+00:00\",\"description\":\"Program \u201eBezpieczny, czyli \u015bwiadomy i zdrowy senior\u201d to szereg bezp\u0142atnych zaj\u0119\u0107 punktu nieodp\u0142atnej pomocy prawnej dla senior\u00f3w..\",\"breadcrumb\":{\"@id\":\"https:\/\/porozumienie.org\/?page_id=1024#breadcrumb\"},\"inLanguage\":\"pl-PL\",\"potentialAction\":[{\"@type\":\"ReadAction\",\"target\":[\"https:\/\/porozumienie.org\/?page_id=1024\"]}]},{\"@type\":\"ImageObject\",\"inLanguage\":\"pl-PL\",\"@id\":\"https:\/\/porozumienie.org\/?page_id=1024#primaryimage\",\"url\":\"https:\/\/porozumienie.org\/wp-content\/uploads\/2022\/07\/znaki_strona_www.png\",\"contentUrl\":\"https:\/\/porozumienie.org\/wp-content\/uploads\/2022\/07\/znaki_strona_www.png\",\"width\":1751,\"height\":583},{\"@type\":\"BreadcrumbList\",\"@id\":\"https:\/\/porozumienie.org\/?page_id=1024#breadcrumb\",\"itemListElement\":[{\"@type\":\"ListItem\",\"position\":1,\"name\":\"Home\",\"item\":\"https:\/\/porozumienie.org\/\"},{\"@type\":\"ListItem\",\"position\":2,\"name\":\"Bezpieczny, \u015bwiadomy i zdrowy senior\"}]},{\"@type\":\"WebSite\",\"@id\":\"https:\/\/porozumienie.org\/#website\",\"url\":\"https:\/\/porozumienie.org\/\",\"name\":\"Fundacja Porozumienia Spo\u0142ecznego\",\"description\":\"Zgoda buduje\",\"publisher\":{\"@id\":\"https:\/\/porozumienie.org\/#organization\"},\"potentialAction\":[{\"@type\":\"SearchAction\",\"target\":{\"@type\":\"EntryPoint\",\"urlTemplate\":\"https:\/\/porozumienie.org\/?s={search_term_string}\"},\"query-input\":{\"@type\":\"PropertyValueSpecification\",\"valueRequired\":true,\"valueName\":\"search_term_string\"}}],\"inLanguage\":\"pl-PL\"},{\"@type\":\"Organization\",\"@id\":\"https:\/\/porozumienie.org\/#organization\",\"name\":\"Fundacja Porozumienia Spo\u0142ecznego\",\"url\":\"https:\/\/porozumienie.org\/\",\"logo\":{\"@type\":\"ImageObject\",\"inLanguage\":\"pl-PL\",\"@id\":\"https:\/\/porozumienie.org\/#\/schema\/logo\/image\/\",\"url\":\"https:\/\/porozumienie.org\/wp-content\/uploads\/2022\/03\/cropped-cropped-Logo-1.png\",\"contentUrl\":\"https:\/\/porozumienie.org\/wp-content\/uploads\/2022\/03\/cropped-cropped-Logo-1.png\",\"width\":512,\"height\":246,\"caption\":\"Fundacja Porozumienia Spo\u0142ecznego\"},\"image\":{\"@id\":\"https:\/\/porozumienie.org\/#\/schema\/logo\/image\/\"}}]}<\/script>\n<!-- \/ Yoast SEO plugin. -->","yoast_head_json":{"title":"Bezpieczny, \u015bwiadomy i zdrowy senior - Fundacja Porozumienia Spo\u0142ecznego","description":"Program \u201eBezpieczny, czyli \u015bwiadomy i zdrowy senior\u201d to szereg bezp\u0142atnych zaj\u0119\u0107 punktu nieodp\u0142atnej pomocy prawnej dla senior\u00f3w..","robots":{"index":"index","follow":"follow","max-snippet":"max-snippet:-1","max-image-preview":"max-image-preview:large","max-video-preview":"max-video-preview:-1"},"canonical":"https:\/\/porozumienie.org\/?page_id=1024","og_locale":"pl_PL","og_type":"article","og_title":"Bezpieczny, \u015bwiadomy i zdrowy senior - Fundacja Porozumienia Spo\u0142ecznego","og_description":"Program \u201eBezpieczny, czyli \u015bwiadomy i zdrowy senior\u201d to szereg bezp\u0142atnych zaj\u0119\u0107 punktu nieodp\u0142atnej pomocy prawnej dla senior\u00f3w..","og_url":"https:\/\/porozumienie.org\/?page_id=1024","og_site_name":"Fundacja Porozumienia Spo\u0142ecznego","article_modified_time":"2023-09-01T10:40:29+00:00","og_image":[{"url":"https:\/\/porozumienie.org\/wp-content\/uploads\/2022\/07\/znaki_strona_www-300x100.png","type":"","width":"","height":""}],"twitter_card":"summary_large_image","twitter_misc":{"Szacowany czas czytania":"1 minuta"},"schema":{"@context":"https:\/\/schema.org","@graph":[{"@type":"WebPage","@id":"https:\/\/porozumienie.org\/?page_id=1024","url":"https:\/\/porozumienie.org\/?page_id=1024","name":"Bezpieczny, \u015bwiadomy i zdrowy senior - Fundacja Porozumienia Spo\u0142ecznego","isPartOf":{"@id":"https:\/\/porozumienie.org\/#website"},"primaryImageOfPage":{"@id":"https:\/\/porozumienie.org\/?page_id=1024#primaryimage"},"image":{"@id":"https:\/\/porozumienie.org\/?page_id=1024#primaryimage"},"thumbnailUrl":"https:\/\/porozumienie.org\/wp-content\/uploads\/2022\/07\/znaki_strona_www-300x100.png","datePublished":"2022-07-28T11:59:26+00:00","dateModified":"2023-09-01T10:40:29+00:00","description":"Program \u201eBezpieczny, czyli \u015bwiadomy i zdrowy senior\u201d to szereg bezp\u0142atnych zaj\u0119\u0107 punktu nieodp\u0142atnej pomocy prawnej dla senior\u00f3w..","breadcrumb":{"@id":"https:\/\/porozumienie.org\/?page_id=1024#breadcrumb"},"inLanguage":"pl-PL","potentialAction":[{"@type":"ReadAction","target":["https:\/\/porozumienie.org\/?page_id=1024"]}]},{"@type":"ImageObject","inLanguage":"pl-PL","@id":"https:\/\/porozumienie.org\/?page_id=1024#primaryimage","url":"https:\/\/porozumienie.org\/wp-content\/uploads\/2022\/07\/znaki_strona_www.png","contentUrl":"https:\/\/porozumienie.org\/wp-content\/uploads\/2022\/07\/znaki_strona_www.png","width":1751,"height":583},{"@type":"BreadcrumbList","@id":"https:\/\/porozumienie.org\/?page_id=1024#breadcrumb","itemListElement":[{"@type":"ListItem","position":1,"name":"Home","item":"https:\/\/porozumienie.org\/"},{"@type":"ListItem","position":2,"name":"Bezpieczny, \u015bwiadomy i zdrowy senior"}]},{"@type":"WebSite","@id":"https:\/\/porozumienie.org\/#website","url":"https:\/\/porozumienie.org\/","name":"Fundacja Porozumienia Spo\u0142ecznego","description":"Zgoda buduje","publisher":{"@id":"https:\/\/porozumienie.org\/#organization"},"potentialAction":[{"@type":"SearchAction","target":{"@type":"EntryPoint","urlTemplate":"https:\/\/porozumienie.org\/?s={search_term_string}"},"query-input":{"@type":"PropertyValueSpecification","valueRequired":true,"valueName":"search_term_string"}}],"inLanguage":"pl-PL"},{"@type":"Organization","@id":"https:\/\/porozumienie.org\/#organization","name":"Fundacja Porozumienia Spo\u0142ecznego","url":"https:\/\/porozumienie.org\/","logo":{"@type":"ImageObject","inLanguage":"pl-PL","@id":"https:\/\/porozumienie.org\/#\/schema\/logo\/image\/","url":"https:\/\/porozumienie.org\/wp-content\/uploads\/2022\/03\/cropped-cropped-Logo-1.png","contentUrl":"https:\/\/porozumienie.org\/wp-content\/uploads\/2022\/03\/cropped-cropped-Logo-1.png","width":512,"height":246,"caption":"Fundacja Porozumienia Spo\u0142ecznego"},"image":{"@id":"https:\/\/porozumienie.org\/#\/schema\/logo\/image\/"}}]}},"_links":{"self":[{"href":"https:\/\/porozumienie.org\/index.php?rest_route=\/wp\/v2\/pages\/1024","targetHints":{"allow":["GET"]}}],"collection":[{"href":"https:\/\/porozumienie.org\/index.php?rest_route=\/wp\/v2\/pages"}],"about":[{"href":"https:\/\/porozumienie.org\/index.php?rest_route=\/wp\/v2\/types\/page"}],"author":[{"embeddable":true,"href":"https:\/\/porozumienie.org\/index.php?rest_route=\/wp\/v2\/users\/1"}],"replies":[{"embeddable":true,"href":"https:\/\/porozumienie.org\/index.php?rest_route=%2Fwp%2Fv2%2Fcomments&post=1024"}],"version-history":[{"count":56,"href":"https:\/\/porozumienie.org\/index.php?rest_route=\/wp\/v2\/pages\/1024\/revisions"}],"predecessor-version":[{"id":1447,"href":"https:\/\/porozumienie.org\/index.php?rest_route=\/wp\/v2\/pages\/1024\/revisions\/1447"}],"wp:attachment":[{"href":"https:\/\/porozumienie.org\/index.php?rest_route=%2Fwp%2Fv2%2Fmedia&parent=1024"}],"curies":[{"name":"wp","href":"https:\/\/api.w.org\/{rel}","templated":true}]}}