{"id":1237,"date":"2022-07-28T18:27:28","date_gmt":"2022-07-28T16:27:28","guid":{"rendered":"https:\/\/porozumienie.org\/?page_id=1237"},"modified":"2022-07-28T18:45:14","modified_gmt":"2022-07-28T16:45:14","slug":"cookies","status":"publish","type":"page","link":"https:\/\/porozumienie.org\/?page_id=1237","title":{"rendered":"Informacje dotycz\u0105ce cookies"},"content":{"rendered":"\t\t<div data-elementor-type=\"wp-page\" data-elementor-id=\"1237\" class=\"elementor elementor-1237\">\n\t\t\t\t\t\t<section class=\"elementor-section elementor-top-section elementor-element elementor-element-a736e26 elementor-section-boxed elementor-section-height-default elementor-section-height-default\" data-id=\"a736e26\" data-element_type=\"section\" data-settings=\"{&quot;background_background&quot;:&quot;classic&quot;}\">\n\t\t\t\t\t\t\t<div class=\"elementor-background-overlay\"><\/div>\n\t\t\t\t\t\t\t<div class=\"elementor-container elementor-column-gap-default\">\n\t\t\t\t\t<div class=\"elementor-column elementor-col-100 elementor-top-column elementor-element elementor-element-813a99e\" data-id=\"813a99e\" data-element_type=\"column\">\n\t\t\t<div class=\"elementor-widget-wrap elementor-element-populated\">\n\t\t\t\t\t\t<div class=\"elementor-element elementor-element-a1422e2 elementor-widget elementor-widget-heading\" data-id=\"a1422e2\" data-element_type=\"widget\" data-widget_type=\"heading.default\">\n\t\t\t\t<div class=\"elementor-widget-container\">\n\t\t\t\t\t<h1 class=\"elementor-heading-title elementor-size-default\">informacje dotycz\u0105ce cookies<\/h1>\t\t\t\t<\/div>\n\t\t\t\t<\/div>\n\t\t\t\t\t<\/div>\n\t\t<\/div>\n\t\t\t\t\t<\/div>\n\t\t<\/section>\n\t\t\t\t<section class=\"elementor-section elementor-top-section elementor-element elementor-element-5646e2b elementor-section-boxed elementor-section-height-default elementor-section-height-default\" data-id=\"5646e2b\" data-element_type=\"section\">\n\t\t\t\t\t\t<div class=\"elementor-container elementor-column-gap-default\">\n\t\t\t\t\t<div class=\"elementor-column elementor-col-100 elementor-top-column elementor-element elementor-element-68b3ac4\" data-id=\"68b3ac4\" data-element_type=\"column\">\n\t\t\t<div class=\"elementor-widget-wrap elementor-element-populated\">\n\t\t\t\t\t\t<div class=\"elementor-element elementor-element-7431782 elementor-widget elementor-widget-text-editor\" data-id=\"7431782\" data-element_type=\"widget\" data-widget_type=\"text-editor.default\">\n\t\t\t\t<div class=\"elementor-widget-container\">\n\t\t\t\t\t\t\t\t\t<h1>\u00a0<\/h1><h1>STRONA W BUDOWIE<\/h1><div>\u00a0<\/div>\t\t\t\t\t\t\t\t<\/div>\n\t\t\t\t<\/div>\n\t\t\t\t\t<\/div>\n\t\t<\/div>\n\t\t\t\t\t<\/div>\n\t\t<\/section>\n\t\t\t\t<\/div>\n\t\t","protected":false},"excerpt":{"rendered":"<p>informacje dotycz\u0105ce cookies \u00a0 STRONA W BUDOWIE \u00a0<\/p>\n","protected":false},"author":1,"featured_media":0,"parent":0,"menu_order":0,"comment_status":"closed","ping_status":"closed","template":"","meta":{"_kadence_starter_templates_imported_post":false,"_kad_post_transparent":"","_kad_post_title":"hide","_kad_post_layout":"fullwidth","_kad_post_sidebar_id":"","_kad_post_content_style":"unboxed","_kad_post_vertical_padding":"hide","_kad_post_feature":"hide","_kad_post_feature_position":"","_kad_post_header":false,"_kad_post_footer":false,"footnotes":""},"class_list":["post-1237","page","type-page","status-publish","hentry"],"yoast_head":"<!-- This site is optimized with the Yoast SEO plugin v24.5 - https:\/\/yoast.com\/wordpress\/plugins\/seo\/ -->\n<title>Informacje dotycz\u0105ce cookies - Fundacja Porozumienia Spo\u0142ecznego<\/title>\n<meta name=\"robots\" content=\"index, follow, max-snippet:-1, max-image-preview:large, max-video-preview:-1\" \/>\n<link rel=\"canonical\" href=\"https:\/\/porozumienie.org\/?page_id=1237\" \/>\n<meta property=\"og:locale\" content=\"pl_PL\" \/>\n<meta property=\"og:type\" content=\"article\" \/>\n<meta property=\"og:title\" content=\"Informacje dotycz\u0105ce cookies - Fundacja Porozumienia Spo\u0142ecznego\" \/>\n<meta property=\"og:description\" content=\"informacje dotycz\u0105ce cookies \u00a0 STRONA W BUDOWIE \u00a0\" \/>\n<meta property=\"og:url\" content=\"https:\/\/porozumienie.org\/?page_id=1237\" \/>\n<meta property=\"og:site_name\" content=\"Fundacja Porozumienia Spo\u0142ecznego\" \/>\n<meta property=\"article:modified_time\" content=\"2022-07-28T16:45:14+00:00\" \/>\n<meta name=\"twitter:card\" content=\"summary_large_image\" \/>\n<meta name=\"twitter:label1\" content=\"Szacowany czas czytania\" \/>\n\t<meta name=\"twitter:data1\" content=\"1 minuta\" \/>\n<script type=\"application\/ld+json\" class=\"yoast-schema-graph\">{\"@context\":\"https:\/\/schema.org\",\"@graph\":[{\"@type\":\"WebPage\",\"@id\":\"https:\/\/porozumienie.org\/?page_id=1237\",\"url\":\"https:\/\/porozumienie.org\/?page_id=1237\",\"name\":\"Informacje dotycz\u0105ce cookies - Fundacja Porozumienia Spo\u0142ecznego\",\"isPartOf\":{\"@id\":\"https:\/\/porozumienie.org\/#website\"},\"datePublished\":\"2022-07-28T16:27:28+00:00\",\"dateModified\":\"2022-07-28T16:45:14+00:00\",\"breadcrumb\":{\"@id\":\"https:\/\/porozumienie.org\/?page_id=1237#breadcrumb\"},\"inLanguage\":\"pl-PL\",\"potentialAction\":[{\"@type\":\"ReadAction\",\"target\":[\"https:\/\/porozumienie.org\/?page_id=1237\"]}]},{\"@type\":\"BreadcrumbList\",\"@id\":\"https:\/\/porozumienie.org\/?page_id=1237#breadcrumb\",\"itemListElement\":[{\"@type\":\"ListItem\",\"position\":1,\"name\":\"Home\",\"item\":\"https:\/\/porozumienie.org\/\"},{\"@type\":\"ListItem\",\"position\":2,\"name\":\"Informacje dotycz\u0105ce cookies\"}]},{\"@type\":\"WebSite\",\"@id\":\"https:\/\/porozumienie.org\/#website\",\"url\":\"https:\/\/porozumienie.org\/\",\"name\":\"Fundacja Porozumienia Spo\u0142ecznego\",\"description\":\"Zgoda buduje\",\"publisher\":{\"@id\":\"https:\/\/porozumienie.org\/#organization\"},\"potentialAction\":[{\"@type\":\"SearchAction\",\"target\":{\"@type\":\"EntryPoint\",\"urlTemplate\":\"https:\/\/porozumienie.org\/?s={search_term_string}\"},\"query-input\":{\"@type\":\"PropertyValueSpecification\",\"valueRequired\":true,\"valueName\":\"search_term_string\"}}],\"inLanguage\":\"pl-PL\"},{\"@type\":\"Organization\",\"@id\":\"https:\/\/porozumienie.org\/#organization\",\"name\":\"Fundacja Porozumienia Spo\u0142ecznego\",\"url\":\"https:\/\/porozumienie.org\/\",\"logo\":{\"@type\":\"ImageObject\",\"inLanguage\":\"pl-PL\",\"@id\":\"https:\/\/porozumienie.org\/#\/schema\/logo\/image\/\",\"url\":\"https:\/\/porozumienie.org\/wp-content\/uploads\/2022\/03\/cropped-cropped-Logo-1.png\",\"contentUrl\":\"https:\/\/porozumienie.org\/wp-content\/uploads\/2022\/03\/cropped-cropped-Logo-1.png\",\"width\":512,\"height\":246,\"caption\":\"Fundacja Porozumienia Spo\u0142ecznego\"},\"image\":{\"@id\":\"https:\/\/porozumienie.org\/#\/schema\/logo\/image\/\"}}]}<\/script>\n<!-- \/ Yoast SEO plugin. -->","yoast_head_json":{"title":"Informacje dotycz\u0105ce cookies - Fundacja Porozumienia Spo\u0142ecznego","robots":{"index":"index","follow":"follow","max-snippet":"max-snippet:-1","max-image-preview":"max-image-preview:large","max-video-preview":"max-video-preview:-1"},"canonical":"https:\/\/porozumienie.org\/?page_id=1237","og_locale":"pl_PL","og_type":"article","og_title":"Informacje dotycz\u0105ce cookies - Fundacja Porozumienia Spo\u0142ecznego","og_description":"informacje dotycz\u0105ce cookies \u00a0 STRONA W BUDOWIE \u00a0","og_url":"https:\/\/porozumienie.org\/?page_id=1237","og_site_name":"Fundacja Porozumienia Spo\u0142ecznego","article_modified_time":"2022-07-28T16:45:14+00:00","twitter_card":"summary_large_image","twitter_misc":{"Szacowany czas czytania":"1 minuta"},"schema":{"@context":"https:\/\/schema.org","@graph":[{"@type":"WebPage","@id":"https:\/\/porozumienie.org\/?page_id=1237","url":"https:\/\/porozumienie.org\/?page_id=1237","name":"Informacje dotycz\u0105ce cookies - Fundacja Porozumienia Spo\u0142ecznego","isPartOf":{"@id":"https:\/\/porozumienie.org\/#website"},"datePublished":"2022-07-28T16:27:28+00:00","dateModified":"2022-07-28T16:45:14+00:00","breadcrumb":{"@id":"https:\/\/porozumienie.org\/?page_id=1237#breadcrumb"},"inLanguage":"pl-PL","potentialAction":[{"@type":"ReadAction","target":["https:\/\/porozumienie.org\/?page_id=1237"]}]},{"@type":"BreadcrumbList","@id":"https:\/\/porozumienie.org\/?page_id=1237#breadcrumb","itemListElement":[{"@type":"ListItem","position":1,"name":"Home","item":"https:\/\/porozumienie.org\/"},{"@type":"ListItem","position":2,"name":"Informacje dotycz\u0105ce cookies"}]},{"@type":"WebSite","@id":"https:\/\/porozumienie.org\/#website","url":"https:\/\/porozumienie.org\/","name":"Fundacja Porozumienia Spo\u0142ecznego","description":"Zgoda buduje","publisher":{"@id":"https:\/\/porozumienie.org\/#organization"},"potentialAction":[{"@type":"SearchAction","target":{"@type":"EntryPoint","urlTemplate":"https:\/\/porozumienie.org\/?s={search_term_string}"},"query-input":{"@type":"PropertyValueSpecification","valueRequired":true,"valueName":"search_term_string"}}],"inLanguage":"pl-PL"},{"@type":"Organization","@id":"https:\/\/porozumienie.org\/#organization","name":"Fundacja Porozumienia Spo\u0142ecznego","url":"https:\/\/porozumienie.org\/","logo":{"@type":"ImageObject","inLanguage":"pl-PL","@id":"https:\/\/porozumienie.org\/#\/schema\/logo\/image\/","url":"https:\/\/porozumienie.org\/wp-content\/uploads\/2022\/03\/cropped-cropped-Logo-1.png","contentUrl":"https:\/\/porozumienie.org\/wp-content\/uploads\/2022\/03\/cropped-cropped-Logo-1.png","width":512,"height":246,"caption":"Fundacja Porozumienia Spo\u0142ecznego"},"image":{"@id":"https:\/\/porozumienie.org\/#\/schema\/logo\/image\/"}}]}},"_links":{"self":[{"href":"https:\/\/porozumienie.org\/index.php?rest_route=\/wp\/v2\/pages\/1237","targetHints":{"allow":["GET"]}}],"collection":[{"href":"https:\/\/porozumienie.org\/index.php?rest_route=\/wp\/v2\/pages"}],"about":[{"href":"https:\/\/porozumienie.org\/index.php?rest_route=\/wp\/v2\/types\/page"}],"author":[{"embeddable":true,"href":"https:\/\/porozumienie.org\/index.php?rest_route=\/wp\/v2\/users\/1"}],"replies":[{"embeddable":true,"href":"https:\/\/porozumienie.org\/index.php?rest_route=%2Fwp%2Fv2%2Fcomments&post=1237"}],"version-history":[{"count":8,"href":"https:\/\/porozumienie.org\/index.php?rest_route=\/wp\/v2\/pages\/1237\/revisions"}],"predecessor-version":[{"id":1252,"href":"https:\/\/porozumienie.org\/index.php?rest_route=\/wp\/v2\/pages\/1237\/revisions\/1252"}],"wp:attachment":[{"href":"https:\/\/porozumienie.org\/index.php?rest_route=%2Fwp%2Fv2%2Fmedia&parent=1237"}],"curies":[{"name":"wp","href":"https:\/\/api.w.org\/{rel}","templated":true}]}}