{"id":1248,"date":"2022-07-28T18:43:46","date_gmt":"2022-07-28T16:43:46","guid":{"rendered":"https:\/\/porozumienie.org\/?page_id=1248"},"modified":"2023-09-03T13:04:05","modified_gmt":"2023-09-03T11:04:05","slug":"polityka-prywatnosci","status":"publish","type":"page","link":"https:\/\/porozumienie.org\/?page_id=1248","title":{"rendered":"Polityka Prywatno\u015bci"},"content":{"rendered":"\t\t<div data-elementor-type=\"wp-page\" data-elementor-id=\"1248\" class=\"elementor elementor-1248\">\n\t\t\t\t\t\t<section class=\"elementor-section elementor-top-section elementor-element elementor-element-71a23e3 elementor-section-boxed elementor-section-height-default elementor-section-height-default\" data-id=\"71a23e3\" data-element_type=\"section\" data-settings=\"{&quot;background_background&quot;:&quot;classic&quot;}\">\n\t\t\t\t\t\t\t<div class=\"elementor-background-overlay\"><\/div>\n\t\t\t\t\t\t\t<div class=\"elementor-container elementor-column-gap-default\">\n\t\t\t\t\t<div class=\"elementor-column elementor-col-100 elementor-top-column elementor-element elementor-element-e423999\" data-id=\"e423999\" data-element_type=\"column\">\n\t\t\t<div class=\"elementor-widget-wrap elementor-element-populated\">\n\t\t\t\t\t\t<div class=\"elementor-element elementor-element-4c19661 elementor-widget elementor-widget-heading\" data-id=\"4c19661\" data-element_type=\"widget\" data-widget_type=\"heading.default\">\n\t\t\t\t<div class=\"elementor-widget-container\">\n\t\t\t\t\t<h1 class=\"elementor-heading-title elementor-size-default\">Polityka Prywatno\u015bci<\/h1>\t\t\t\t<\/div>\n\t\t\t\t<\/div>\n\t\t\t\t\t<\/div>\n\t\t<\/div>\n\t\t\t\t\t<\/div>\n\t\t<\/section>\n\t\t\t\t<section class=\"elementor-section elementor-top-section elementor-element elementor-element-357bdbf elementor-section-boxed elementor-section-height-default elementor-section-height-default\" data-id=\"357bdbf\" data-element_type=\"section\">\n\t\t\t\t\t\t<div class=\"elementor-container elementor-column-gap-default\">\n\t\t\t\t\t<div class=\"elementor-column elementor-col-100 elementor-top-column elementor-element elementor-element-4f66e3f\" data-id=\"4f66e3f\" data-element_type=\"column\">\n\t\t\t<div class=\"elementor-widget-wrap elementor-element-populated\">\n\t\t\t\t\t\t<div class=\"elementor-element elementor-element-1694ab0 elementor-widget elementor-widget-text-editor\" data-id=\"1694ab0\" data-element_type=\"widget\" data-widget_type=\"text-editor.default\">\n\t\t\t\t<div class=\"elementor-widget-container\">\n\t\t\t\t\t\t\t\t\t<p><strong>OBOWI\u0104ZEK INFORMACYJNY<\/strong><\/p>\n<p><strong>Na podstawie art. 13 Rozporz\u0105dzenia Parlamentu Europejskiego i Rady (UE) 2016\/679 z dnia 27 kwietnia 2016 r. w sprawie ochrony os\u00f3b fizycznych w zwi\u0105zku z przetwarzaniem danych osobowych i w sprawie swobodnego przep\u0142ywu takich danych oraz uchylenia dyrektywy 95\/46\/WE (og\u00f3lne rozporz\u0105dzenie o ochronie danych), dalej RODO, publ. Dz. Urz. UE L Nr 119, s. 1 informujemy, \u017ce:<\/strong><\/p>\n<p>1. Administratorem Pani\/Pana danych osobowych jest <strong>Fundacja Porozumienia Spo\u0142ecznego z siedzib\u0105 przy pl. Ko\u015bciuszki 17, 97-200 Tomasz\u00f3w Mazowiecki (nr KRS 0000937265), <\/strong>zwana dalej Administratorem.<\/p>\n<p>2. We wszelkich sprawach zwi\u0105zanych z przetwarzaniem Pani\/Pana danych osobowych mo\u017ce Pani\/Pan skontaktowa\u0107 si\u0119 z Administratorem poprzez e-mail: <a href=\"mailto:biuro@porozumienie.org\"><strong>biuro@porozumienie.org<\/strong><\/a> lub za po\u015brednictwem poczty tradycyjnej na wskazany powy\u017cej adres.<\/p>\n<p>3. Pani\/Pana dane osobowe przetwarzane b\u0119d\u0105 w celu udzielania odpowiedzi na wiadomo\u015bci kierowane poprzez stron\u0119 internetow\u0105 i poczt\u0105 elektroniczn\u0105. Podstaw\u0119 prawn\u0105 przetwarzania stanowi art. 6 ust. 1 lit. a, c, f RODO.<\/p>\n<p>4. Dane osobowe b\u0119d\u0105 przetwarzane przez okres niezb\u0119dny do udzielenia odpowiedzi na przedstawione telefonicznie pytanie lub przes\u0142an\u0105 wiadomo\u015b\u0107 oraz prowadzenia ewentualnych dodatkowych rozm\u00f3w telefonicznych lub dalszej korespondencji, z uwzgl\u0119dnieniem wymog\u00f3w zwi\u0105zanych z dokumentowaniem oraz rozliczeniem program\u00f3w finansowanych z bud\u017cetu pa\u0144stwa lub innych \u017ar\u00f3de\u0142 publicznych.<br><\/p>\n<p>5. Podanie danych osobowych jest w zakresie wynikaj\u0105cym z przepis\u00f3w prawa jest dobrowolne, jednak ich niepodanie uniemo\u017cliwi lub skrajnie utrudni udzielenie odpowiedzi na przedstawione telefonicznie pytanie lub przes\u0142an\u0105 wiadomo\u015b\u0107 oraz prowadzenie ewentualnych dodatkowych rozm\u00f3w telefonicznych lub dalszej korespondencji.<\/p>\n<p>6. Przekazywanie danych osobowych mo\u017ce nast\u0105pi\u0107 jedynie na rzecz uprawnionych pracownik\u00f3w lub wsp\u00f3\u0142pracownik\u00f3w Administratora oraz wy\u0142\u0105cznie w zakresie niezb\u0119dnym do udzielenia odpowiedzi na przedstawione telefonicznie pytanie lub \nprzes\u0142an\u0105 wiadomo\u015b\u0107 oraz prowadzenia ewentualnych dodatkowych rozm\u00f3w \ntelefonicznych lub dalszej korespondencji.<\/p>\n<p>7. Posiada Pani\/Pan prawo do \u017c\u0105dania od Administratora:<\/p>\n<ul>\n<li>dost\u0119pu do swoich danych osobowych,<\/li>\n<li>sprostowania swoich danych osobowych,<\/li>\n<li>usuni\u0119cia swoich danych osobowych,<\/li>\n<li>ograniczenia przetwarzania danych osobowych,<\/li>\n<li>wniesienia skargi do organu nadzorczego,<\/li>\n<li>przenoszenia danych,<\/li>\n<li>cofni\u0119cia zgody na przetwarzanie danych osobowych w dowolnym momencie. Cofni\u0119cie zgody nie wp\u0142ynie na zgodno\u015b\u0107 z prawem przetwarzania, kt\u00f3rego dokonano na podstawie zgody przed jej cofni\u0119ciem, jednak\u017ce uniemo\u017cliwi udzielanie odpowiedzi na wiadomo\u015bci;<\/li>\n<li>wniesienia sprzeciwu wobec przetwarzania danych osobowych \u2013 w przypadku, gdy przetwarzanie jest niezb\u0119dne do wykonania zadania realizowanego w interesie publicznym lub w ramach sprawowania w\u0142adzy publicznej powierzonej Administratorowi oraz gdy przetwarzanie jest niezb\u0119dne do cel\u00f3w wynikaj\u0105cych z prawnie uzasadnionych interes\u00f3w realizowanych przez administratora lub przez stron\u0119 trzeci\u0105, w tym w przypadku profilowania. Administratorowi nie wolno ju\u017c przetwarza\u0107 tych danych osobowych, chyba \u017ce wyka\u017ce on istnienie wa\u017cnych prawnie uzasadnionych podstaw do przetwarzania, nadrz\u0119dnych wobec interes\u00f3w, praw i wolno\u015bci osoby, kt\u00f3rej dane dotycz\u0105, lub podstaw do ustalenia, dochodzenia lub obrony roszcze\u0144.<\/li>\n<\/ul>\n<p>W celu wykonania powy\u017cszych uprawnie\u0144 nale\u017cy skontaktowa\u0107 si\u0119 z Administratorem poprzez e-mail na adres <a href=\"mailto:biuro@porozumienie.org\">biuro@porozumienie.org<\/a>.<\/p>\n<p>8. Je\u017celi uzna Pani\/Pan, \u017ce Pa\u0144stwa prawo do ochrony danych osobowych zosta\u0142o naruszone, mo\u017ce Pan\/Pani z\u0142o\u017cy\u0107 skarg\u0119 do Prezesa Urz\u0119du Ochrony Danych Osobowych.<\/p>\n<p>9. Pani\/Pana dane osobowe nie podlegaj\u0105 zautomatyzowanemu podejmowaniu decyzji, w tym profilowaniu.<\/p>\n<p>10. Pani\/Pana dane osobowe nie s\u0105 przekazywane do pa\u0144stw trzecich.<\/p>\t\t\t\t\t\t\t\t<\/div>\n\t\t\t\t<\/div>\n\t\t\t\t\t<\/div>\n\t\t<\/div>\n\t\t\t\t\t<\/div>\n\t\t<\/section>\n\t\t\t\t<\/div>\n\t\t","protected":false},"excerpt":{"rendered":"<p>Polityka Prywatno\u015bci OBOWI\u0104ZEK INFORMACYJNY Na podstawie art. 13 Rozporz\u0105dzenia Parlamentu Europejskiego i Rady (UE) 2016\/679 z dnia 27 kwietnia 2016 r. w sprawie ochrony os\u00f3b fizycznych w zwi\u0105zku z przetwarzaniem danych osobowych i w sprawie swobodnego przep\u0142ywu takich danych oraz uchylenia dyrektywy 95\/46\/WE (og\u00f3lne rozporz\u0105dzenie o ochronie danych), dalej RODO, publ. Dz. Urz. UE L&#8230;<\/p>\n","protected":false},"author":1,"featured_media":0,"parent":0,"menu_order":0,"comment_status":"closed","ping_status":"closed","template":"","meta":{"_kadence_starter_templates_imported_post":false,"_kad_post_transparent":"","_kad_post_title":"hide","_kad_post_layout":"fullwidth","_kad_post_sidebar_id":"","_kad_post_content_style":"unboxed","_kad_post_vertical_padding":"hide","_kad_post_feature":"hide","_kad_post_feature_position":"","_kad_post_header":false,"_kad_post_footer":false,"footnotes":""},"class_list":["post-1248","page","type-page","status-publish","hentry"],"yoast_head":"<!-- This site is optimized with the Yoast SEO plugin v24.5 - https:\/\/yoast.com\/wordpress\/plugins\/seo\/ -->\n<title>Polityka Prywatno\u015bci - Fundacja Porozumienia Spo\u0142ecznego<\/title>\n<meta name=\"robots\" content=\"index, follow, max-snippet:-1, max-image-preview:large, max-video-preview:-1\" \/>\n<link rel=\"canonical\" href=\"https:\/\/porozumienie.org\/?page_id=1248\" \/>\n<meta property=\"og:locale\" content=\"pl_PL\" \/>\n<meta property=\"og:type\" content=\"article\" \/>\n<meta property=\"og:title\" content=\"Polityka Prywatno\u015bci - Fundacja Porozumienia Spo\u0142ecznego\" \/>\n<meta property=\"og:description\" content=\"Polityka Prywatno\u015bci OBOWI\u0104ZEK INFORMACYJNY Na podstawie art. 13 Rozporz\u0105dzenia Parlamentu Europejskiego i Rady (UE) 2016\/679 z dnia 27 kwietnia 2016 r. w sprawie ochrony os\u00f3b fizycznych w zwi\u0105zku z przetwarzaniem danych osobowych i w sprawie swobodnego przep\u0142ywu takich danych oraz uchylenia dyrektywy 95\/46\/WE (og\u00f3lne rozporz\u0105dzenie o ochronie danych), dalej RODO, publ. Dz. Urz. UE L...\" \/>\n<meta property=\"og:url\" content=\"https:\/\/porozumienie.org\/?page_id=1248\" \/>\n<meta property=\"og:site_name\" content=\"Fundacja Porozumienia Spo\u0142ecznego\" \/>\n<meta property=\"article:modified_time\" content=\"2023-09-03T11:04:05+00:00\" \/>\n<meta name=\"twitter:card\" content=\"summary_large_image\" \/>\n<meta name=\"twitter:label1\" content=\"Szacowany czas czytania\" \/>\n\t<meta name=\"twitter:data1\" content=\"3 minuty\" \/>\n<script type=\"application\/ld+json\" class=\"yoast-schema-graph\">{\"@context\":\"https:\/\/schema.org\",\"@graph\":[{\"@type\":\"WebPage\",\"@id\":\"https:\/\/porozumienie.org\/?page_id=1248\",\"url\":\"https:\/\/porozumienie.org\/?page_id=1248\",\"name\":\"Polityka Prywatno\u015bci - Fundacja Porozumienia Spo\u0142ecznego\",\"isPartOf\":{\"@id\":\"https:\/\/porozumienie.org\/#website\"},\"datePublished\":\"2022-07-28T16:43:46+00:00\",\"dateModified\":\"2023-09-03T11:04:05+00:00\",\"breadcrumb\":{\"@id\":\"https:\/\/porozumienie.org\/?page_id=1248#breadcrumb\"},\"inLanguage\":\"pl-PL\",\"potentialAction\":[{\"@type\":\"ReadAction\",\"target\":[\"https:\/\/porozumienie.org\/?page_id=1248\"]}]},{\"@type\":\"BreadcrumbList\",\"@id\":\"https:\/\/porozumienie.org\/?page_id=1248#breadcrumb\",\"itemListElement\":[{\"@type\":\"ListItem\",\"position\":1,\"name\":\"Home\",\"item\":\"https:\/\/porozumienie.org\/\"},{\"@type\":\"ListItem\",\"position\":2,\"name\":\"Polityka Prywatno\u015bci\"}]},{\"@type\":\"WebSite\",\"@id\":\"https:\/\/porozumienie.org\/#website\",\"url\":\"https:\/\/porozumienie.org\/\",\"name\":\"Fundacja Porozumienia Spo\u0142ecznego\",\"description\":\"Zgoda buduje\",\"publisher\":{\"@id\":\"https:\/\/porozumienie.org\/#organization\"},\"potentialAction\":[{\"@type\":\"SearchAction\",\"target\":{\"@type\":\"EntryPoint\",\"urlTemplate\":\"https:\/\/porozumienie.org\/?s={search_term_string}\"},\"query-input\":{\"@type\":\"PropertyValueSpecification\",\"valueRequired\":true,\"valueName\":\"search_term_string\"}}],\"inLanguage\":\"pl-PL\"},{\"@type\":\"Organization\",\"@id\":\"https:\/\/porozumienie.org\/#organization\",\"name\":\"Fundacja Porozumienia Spo\u0142ecznego\",\"url\":\"https:\/\/porozumienie.org\/\",\"logo\":{\"@type\":\"ImageObject\",\"inLanguage\":\"pl-PL\",\"@id\":\"https:\/\/porozumienie.org\/#\/schema\/logo\/image\/\",\"url\":\"https:\/\/porozumienie.org\/wp-content\/uploads\/2022\/03\/cropped-cropped-Logo-1.png\",\"contentUrl\":\"https:\/\/porozumienie.org\/wp-content\/uploads\/2022\/03\/cropped-cropped-Logo-1.png\",\"width\":512,\"height\":246,\"caption\":\"Fundacja Porozumienia Spo\u0142ecznego\"},\"image\":{\"@id\":\"https:\/\/porozumienie.org\/#\/schema\/logo\/image\/\"}}]}<\/script>\n<!-- \/ Yoast SEO plugin. -->","yoast_head_json":{"title":"Polityka Prywatno\u015bci - Fundacja Porozumienia Spo\u0142ecznego","robots":{"index":"index","follow":"follow","max-snippet":"max-snippet:-1","max-image-preview":"max-image-preview:large","max-video-preview":"max-video-preview:-1"},"canonical":"https:\/\/porozumienie.org\/?page_id=1248","og_locale":"pl_PL","og_type":"article","og_title":"Polityka Prywatno\u015bci - Fundacja Porozumienia Spo\u0142ecznego","og_description":"Polityka Prywatno\u015bci OBOWI\u0104ZEK INFORMACYJNY Na podstawie art. 13 Rozporz\u0105dzenia Parlamentu Europejskiego i Rady (UE) 2016\/679 z dnia 27 kwietnia 2016 r. w sprawie ochrony os\u00f3b fizycznych w zwi\u0105zku z przetwarzaniem danych osobowych i w sprawie swobodnego przep\u0142ywu takich danych oraz uchylenia dyrektywy 95\/46\/WE (og\u00f3lne rozporz\u0105dzenie o ochronie danych), dalej RODO, publ. Dz. Urz. UE L...","og_url":"https:\/\/porozumienie.org\/?page_id=1248","og_site_name":"Fundacja Porozumienia Spo\u0142ecznego","article_modified_time":"2023-09-03T11:04:05+00:00","twitter_card":"summary_large_image","twitter_misc":{"Szacowany czas czytania":"3 minuty"},"schema":{"@context":"https:\/\/schema.org","@graph":[{"@type":"WebPage","@id":"https:\/\/porozumienie.org\/?page_id=1248","url":"https:\/\/porozumienie.org\/?page_id=1248","name":"Polityka Prywatno\u015bci - Fundacja Porozumienia Spo\u0142ecznego","isPartOf":{"@id":"https:\/\/porozumienie.org\/#website"},"datePublished":"2022-07-28T16:43:46+00:00","dateModified":"2023-09-03T11:04:05+00:00","breadcrumb":{"@id":"https:\/\/porozumienie.org\/?page_id=1248#breadcrumb"},"inLanguage":"pl-PL","potentialAction":[{"@type":"ReadAction","target":["https:\/\/porozumienie.org\/?page_id=1248"]}]},{"@type":"BreadcrumbList","@id":"https:\/\/porozumienie.org\/?page_id=1248#breadcrumb","itemListElement":[{"@type":"ListItem","position":1,"name":"Home","item":"https:\/\/porozumienie.org\/"},{"@type":"ListItem","position":2,"name":"Polityka Prywatno\u015bci"}]},{"@type":"WebSite","@id":"https:\/\/porozumienie.org\/#website","url":"https:\/\/porozumienie.org\/","name":"Fundacja Porozumienia Spo\u0142ecznego","description":"Zgoda buduje","publisher":{"@id":"https:\/\/porozumienie.org\/#organization"},"potentialAction":[{"@type":"SearchAction","target":{"@type":"EntryPoint","urlTemplate":"https:\/\/porozumienie.org\/?s={search_term_string}"},"query-input":{"@type":"PropertyValueSpecification","valueRequired":true,"valueName":"search_term_string"}}],"inLanguage":"pl-PL"},{"@type":"Organization","@id":"https:\/\/porozumienie.org\/#organization","name":"Fundacja Porozumienia Spo\u0142ecznego","url":"https:\/\/porozumienie.org\/","logo":{"@type":"ImageObject","inLanguage":"pl-PL","@id":"https:\/\/porozumienie.org\/#\/schema\/logo\/image\/","url":"https:\/\/porozumienie.org\/wp-content\/uploads\/2022\/03\/cropped-cropped-Logo-1.png","contentUrl":"https:\/\/porozumienie.org\/wp-content\/uploads\/2022\/03\/cropped-cropped-Logo-1.png","width":512,"height":246,"caption":"Fundacja Porozumienia Spo\u0142ecznego"},"image":{"@id":"https:\/\/porozumienie.org\/#\/schema\/logo\/image\/"}}]}},"_links":{"self":[{"href":"https:\/\/porozumienie.org\/index.php?rest_route=\/wp\/v2\/pages\/1248","targetHints":{"allow":["GET"]}}],"collection":[{"href":"https:\/\/porozumienie.org\/index.php?rest_route=\/wp\/v2\/pages"}],"about":[{"href":"https:\/\/porozumienie.org\/index.php?rest_route=\/wp\/v2\/types\/page"}],"author":[{"embeddable":true,"href":"https:\/\/porozumienie.org\/index.php?rest_route=\/wp\/v2\/users\/1"}],"replies":[{"embeddable":true,"href":"https:\/\/porozumienie.org\/index.php?rest_route=%2Fwp%2Fv2%2Fcomments&post=1248"}],"version-history":[{"count":10,"href":"https:\/\/porozumienie.org\/index.php?rest_route=\/wp\/v2\/pages\/1248\/revisions"}],"predecessor-version":[{"id":1581,"href":"https:\/\/porozumienie.org\/index.php?rest_route=\/wp\/v2\/pages\/1248\/revisions\/1581"}],"wp:attachment":[{"href":"https:\/\/porozumienie.org\/index.php?rest_route=%2Fwp%2Fv2%2Fmedia&parent=1248"}],"curies":[{"name":"wp","href":"https:\/\/api.w.org\/{rel}","templated":true}]}}