{"id":1420,"date":"2023-09-01T12:44:00","date_gmt":"2023-09-01T10:44:00","guid":{"rendered":"https:\/\/porozumienie.org\/?page_id=1420"},"modified":"2023-11-24T11:51:19","modified_gmt":"2023-11-24T10:51:19","slug":"elementor-1420","status":"publish","type":"page","link":"https:\/\/porozumienie.org\/?page_id=1420","title":{"rendered":"Bezpieczny, czyli \u015bwiadomy i aktywny obywatel"},"content":{"rendered":"\t\t<div data-elementor-type=\"wp-page\" data-elementor-id=\"1420\" class=\"elementor elementor-1420\">\n\t\t\t\t\t\t<section class=\"elementor-section elementor-top-section elementor-element elementor-element-30263b9 elementor-section-boxed elementor-section-height-default elementor-section-height-default\" data-id=\"30263b9\" data-element_type=\"section\">\n\t\t\t\t\t\t<div class=\"elementor-container elementor-column-gap-default\">\n\t\t\t\t\t<div class=\"elementor-column elementor-col-33 elementor-top-column elementor-element elementor-element-e7444c2\" data-id=\"e7444c2\" data-element_type=\"column\">\n\t\t\t<div class=\"elementor-widget-wrap elementor-element-populated\">\n\t\t\t\t\t\t<div class=\"elementor-element elementor-element-aa219c8 elementor-widget elementor-widget-image\" data-id=\"aa219c8\" data-element_type=\"widget\" data-widget_type=\"image.default\">\n\t\t\t\t<div class=\"elementor-widget-container\">\n\t\t\t\t\t\t\t\t\t\t\t\t\t\t\t<img decoding=\"async\" width=\"300\" height=\"100\" src=\"https:\/\/porozumienie.org\/wp-content\/uploads\/2022\/07\/znaki_strona_www-300x100.png\" class=\"attachment-medium size-medium wp-image-1058\" alt=\"\" srcset=\"https:\/\/porozumienie.org\/wp-content\/uploads\/2022\/07\/znaki_strona_www-300x100.png 300w, https:\/\/porozumienie.org\/wp-content\/uploads\/2022\/07\/znaki_strona_www-1024x341.png 1024w, https:\/\/porozumienie.org\/wp-content\/uploads\/2022\/07\/znaki_strona_www-768x256.png 768w, https:\/\/porozumienie.org\/wp-content\/uploads\/2022\/07\/znaki_strona_www-1536x511.png 1536w, https:\/\/porozumienie.org\/wp-content\/uploads\/2022\/07\/znaki_strona_www.png 1751w\" sizes=\"(max-width: 300px) 100vw, 300px\" \/>\t\t\t\t\t\t\t\t\t\t\t\t\t\t\t<\/div>\n\t\t\t\t<\/div>\n\t\t\t\t\t<\/div>\n\t\t<\/div>\n\t\t\t\t<div class=\"elementor-column elementor-col-33 elementor-top-column elementor-element elementor-element-f3032ac\" data-id=\"f3032ac\" data-element_type=\"column\">\n\t\t\t<div class=\"elementor-widget-wrap elementor-element-populated\">\n\t\t\t\t\t\t<div class=\"elementor-element elementor-element-0ad8167 elementor-widget elementor-widget-image\" data-id=\"0ad8167\" data-element_type=\"widget\" data-widget_type=\"image.default\">\n\t\t\t\t<div class=\"elementor-widget-container\">\n\t\t\t\t\t\t\t\t\t\t\t\t\t\t\t<img decoding=\"async\" width=\"300\" height=\"150\" src=\"https:\/\/porozumienie.org\/wp-content\/uploads\/2022\/07\/logo_MRiPS_jpg-300x150.jpg\" class=\"attachment-medium size-medium wp-image-1049\" alt=\"\" srcset=\"https:\/\/porozumienie.org\/wp-content\/uploads\/2022\/07\/logo_MRiPS_jpg-300x150.jpg 300w, https:\/\/porozumienie.org\/wp-content\/uploads\/2022\/07\/logo_MRiPS_jpg-1024x512.jpg 1024w, https:\/\/porozumienie.org\/wp-content\/uploads\/2022\/07\/logo_MRiPS_jpg-768x384.jpg 768w, https:\/\/porozumienie.org\/wp-content\/uploads\/2022\/07\/logo_MRiPS_jpg.jpg 1182w\" sizes=\"(max-width: 300px) 100vw, 300px\" \/>\t\t\t\t\t\t\t\t\t\t\t\t\t\t\t<\/div>\n\t\t\t\t<\/div>\n\t\t\t\t\t<\/div>\n\t\t<\/div>\n\t\t\t\t<div class=\"elementor-column elementor-col-33 elementor-top-column elementor-element elementor-element-bd72a8a\" data-id=\"bd72a8a\" data-element_type=\"column\">\n\t\t\t<div class=\"elementor-widget-wrap elementor-element-populated\">\n\t\t\t\t\t\t<div class=\"elementor-element elementor-element-f847b93 elementor-widget elementor-widget-image\" data-id=\"f847b93\" data-element_type=\"widget\" data-widget_type=\"image.default\">\n\t\t\t\t<div class=\"elementor-widget-container\">\n\t\t\t\t\t\t\t\t\t\t\t\t\t\t\t<img decoding=\"async\" width=\"300\" height=\"103\" src=\"https:\/\/porozumienie.org\/wp-content\/uploads\/2022\/07\/Aktywni-logo-300x103.jpg\" class=\"attachment-medium size-medium wp-image-1050\" alt=\"\" srcset=\"https:\/\/porozumienie.org\/wp-content\/uploads\/2022\/07\/Aktywni-logo-300x103.jpg 300w, https:\/\/porozumienie.org\/wp-content\/uploads\/2022\/07\/Aktywni-logo-1024x353.jpg 1024w, https:\/\/porozumienie.org\/wp-content\/uploads\/2022\/07\/Aktywni-logo-768x265.jpg 768w, https:\/\/porozumienie.org\/wp-content\/uploads\/2022\/07\/Aktywni-logo-1536x530.jpg 1536w, https:\/\/porozumienie.org\/wp-content\/uploads\/2022\/07\/Aktywni-logo-2048x707.jpg 2048w\" sizes=\"(max-width: 300px) 100vw, 300px\" \/>\t\t\t\t\t\t\t\t\t\t\t\t\t\t\t<\/div>\n\t\t\t\t<\/div>\n\t\t\t\t\t<\/div>\n\t\t<\/div>\n\t\t\t\t\t<\/div>\n\t\t<\/section>\n\t\t\t\t<section class=\"elementor-section elementor-top-section elementor-element elementor-element-59df121 elementor-section-boxed elementor-section-height-default elementor-section-height-default\" data-id=\"59df121\" data-element_type=\"section\" data-settings=\"{&quot;background_background&quot;:&quot;classic&quot;}\">\n\t\t\t\t\t\t\t<div class=\"elementor-background-overlay\"><\/div>\n\t\t\t\t\t\t\t<div class=\"elementor-container elementor-column-gap-default\">\n\t\t\t\t\t<div class=\"elementor-column elementor-col-100 elementor-top-column elementor-element elementor-element-1f48e5e\" data-id=\"1f48e5e\" data-element_type=\"column\">\n\t\t\t<div class=\"elementor-widget-wrap elementor-element-populated\">\n\t\t\t\t\t\t<div class=\"elementor-element elementor-element-c2952fe elementor-widget elementor-widget-heading\" data-id=\"c2952fe\" data-element_type=\"widget\" data-widget_type=\"heading.default\">\n\t\t\t\t<div class=\"elementor-widget-container\">\n\t\t\t\t\t<h2 class=\"elementor-heading-title elementor-size-default\"><strong>\u201eBezpieczny, czyli \u015bwiadomy i aktywny obywatel\u201d<\/strong> - Edycja 2023<\/h2>\t\t\t\t<\/div>\n\t\t\t\t<\/div>\n\t\t\t\t<div class=\"elementor-element elementor-element-4fc8b6a elementor-align-center elementor-widget elementor-widget-button\" data-id=\"4fc8b6a\" data-element_type=\"widget\" data-widget_type=\"button.default\">\n\t\t\t\t<div class=\"elementor-widget-container\">\n\t\t\t\t\t\t\t\t\t<div class=\"elementor-button-wrapper\">\n\t\t\t\t\t<a class=\"elementor-button elementor-button-link elementor-size-sm\" href=\"https:\/\/porozumienie.org\/?page_id=1513\">\n\t\t\t\t\t\t<span class=\"elementor-button-content-wrapper\">\n\t\t\t\t\t\t\t\t\t<span class=\"elementor-button-text\">Harmonogramy zaj\u0119\u0107 i godziny pracy punkt\u00f3w pomocy prawnej<\/span>\n\t\t\t\t\t<\/span>\n\t\t\t\t\t<\/a>\n\t\t\t\t<\/div>\n\t\t\t\t\t\t\t\t<\/div>\n\t\t\t\t<\/div>\n\t\t\t\t\t<\/div>\n\t\t<\/div>\n\t\t\t\t\t<\/div>\n\t\t<\/section>\n\t\t\t\t<section class=\"elementor-section elementor-top-section elementor-element elementor-element-6a56d1f elementor-section-boxed elementor-section-height-default elementor-section-height-default\" data-id=\"6a56d1f\" data-element_type=\"section\">\n\t\t\t\t\t\t<div class=\"elementor-container elementor-column-gap-default\">\n\t\t\t\t\t<div class=\"elementor-column elementor-col-100 elementor-top-column elementor-element elementor-element-799e380\" data-id=\"799e380\" data-element_type=\"column\">\n\t\t\t<div class=\"elementor-widget-wrap elementor-element-populated\">\n\t\t\t\t\t\t<div class=\"elementor-element elementor-element-0e4ba9d elementor-widget elementor-widget-text-editor\" data-id=\"0e4ba9d\" data-element_type=\"widget\" data-widget_type=\"text-editor.default\">\n\t\t\t\t<div class=\"elementor-widget-container\">\n\t\t\t\t\t\t\t\t\t<p>Projekt \u201eBezpieczny, czyli \u015bwiadomy i aktywny obywatel\u201d skierowany jest do dw\u00f3ch grup spo\u0142ecznych, tj. senior\u00f3w oraz m\u0142odzie\u017cy szkolnej w wieku 14 \u2013 19 lat.<\/p><p>G\u0142\u00f3wnym celem projektu jest realizacja dzia\u0142a\u0144 z zakresu integracji mi\u0119dzypokoleniowej poprzez edukacj\u0119 prawn\u0105 oraz aktywno\u015b\u0107 fizyczn\u0105 senior\u00f3w i uczni\u00f3w szk\u00f3\u0142 ponadpodstawowych. Realizacja celu g\u0142\u00f3wnego pomo\u017ce w upowszechnieniu pozytywnego wizerunku senior\u00f3w w spo\u0142ecze\u0144stwie oraz zwi\u0119kszy szeroko rozumiane bezpiecze\u0144stwo uczestnik\u00f3w.<\/p><p>W celu osi\u0105gni\u0119cia g\u0142\u00f3wnego celu projektu sformu\u0142owane zosta\u0142y trzy cele pomocnicze. Pierwszym celem pomocniczym jest zwi\u0119kszenie \u015bwiadomo\u015bci prawnej senior\u00f3w i uczni\u00f3w szk\u00f3\u0142 ponadpodstawowych poprzez udzia\u0142 w warsztatach praktycznych z zakresu edukacji prawnej. Drugi cel programu to rozwi\u0105zanie problem\u00f3w prawnych z jakimi zmagaj\u0105 si\u0119 na co dzie\u0144 uczestnicy poprzez udzielenie im nieodp\u0142atnej pomocy prawnej. Trzeci cel programu to zwi\u0119kszenie aktywno\u015bci fizycznej senior\u00f3w i m\u0142odzie\u017cy szkolnej.\u00a0 poprzez udzia\u0142 w zaj\u0119ciach wzmacniaj\u0105co-gimnastycznych.<\/p><p>Cele programu odpowiadaj\u0105 zidentyfikowanym przez Fundacj\u0119 problemom, tj. znikomej \u015bwiadomo\u015bci prawnej obywateli (niezale\u017cnie od wieku), niskiej aktywno\u015bci fizycznej senior\u00f3w i m\u0142odzie\u017cy oraz problem\u00f3w prawnych obywateli.<\/p><p>Dodatkowo, wsp\u00f3lny udzia\u0142 w projekcie senior\u00f3w i uczni\u00f3w pomo\u017ce w kszta\u0142towaniu empatycznych postaw wobec senior\u00f3w oraz trwale wzmocni relacj\u0119 mi\u0119dzypokoleniowe. Udzia\u0142 w projekcie pozwoli r\u00f3wnie\u017c poprawi\u0107 komfort \u017cycia uczestnik\u00f3w, naby\u0107 narz\u0119dzia niezb\u0119dne do sprawnego poruszenia si\u0119 w spo\u0142ecze\u0144stwie (r\u00f3wnie\u017c cyfrowym), umo\u017cliwi prze\u0142amywanie barier m.in. w dost\u0119pie do e-us\u0142ug publicznych (np. Internetowe Konto Pacjenta, e-obywatel) oraz pomo\u017ce bezpiecznie korzysta\u0107 z e-commerce. Ponadto, udzia\u0142 w projekcie pomo\u017ce zrozumie\u0107 rol\u0119 jednostki w spo\u0142ecze\u0144stwie obywatelskim oraz wska\u017ce obywatelowi mo\u017cliwo\u015bci oddzia\u0142ywania na spo\u0142ecze\u0144stwo, jak i sposoby na realizacje swoich konstytucyjnych praw.<\/p><p>Projekt realizowany jest terenie powiat\u00f3w tomaszowskiego, opoczy\u0144skiego i piotrkowskiego.<\/p><p>Terminy i inne informacje dotycz\u0105ce zaj\u0119\u0107 i inicjatyw realizowanych w ramach programu w roku 2023 <a href=\"https:\/\/porozumienie.org\/?page_id=1513\">mog\u0105 Pa\u0144stwo odnale\u017a\u0107 tutaj<\/a>.<\/p><p>Zadanie \u201eBezpieczny, czyli \u015bwiadomy i aktywny obywatel\u201d jest wsp\u00f3\u0142finansowane ze \u015brodk\u00f3w otrzymanych od Ministra Rodziny i Polityki Spo\u0142ecznej w ramach rz\u0105dowego programu wieloletniego na rzecz Os\u00f3b Starszych \u201eAktywni+\u201d na lata 2021\u20132025, Edycja 2023.<\/p><p>Wi\u0119cej o rz\u0105dowym programie wieloletnim na rzecz Os\u00f3b Starszych \u201eAktywni+\u201d na lata 2021\u20132025 mo\u017cna dowiedzie\u0107 si\u0119 <a href=\"https:\/\/senior.gov.pl\/program_asos\">klikaj\u0105c tutaj<\/a>.<\/p>\t\t\t\t\t\t\t\t<\/div>\n\t\t\t\t<\/div>\n\t\t\t\t\t<\/div>\n\t\t<\/div>\n\t\t\t\t\t<\/div>\n\t\t<\/section>\n\t\t\t\t<section class=\"elementor-section elementor-top-section elementor-element elementor-element-102ba3f elementor-section-boxed elementor-section-height-default elementor-section-height-default\" data-id=\"102ba3f\" data-element_type=\"section\">\n\t\t\t\t\t\t<div class=\"elementor-container elementor-column-gap-default\">\n\t\t\t\t\t<div class=\"elementor-column elementor-col-50 elementor-top-column elementor-element elementor-element-a216e6f\" data-id=\"a216e6f\" data-element_type=\"column\">\n\t\t\t<div class=\"elementor-widget-wrap elementor-element-populated\">\n\t\t\t\t\t\t<div class=\"elementor-element elementor-element-d485455 elementor-widget elementor-widget-image\" data-id=\"d485455\" data-element_type=\"widget\" data-widget_type=\"image.default\">\n\t\t\t\t<div class=\"elementor-widget-container\">\n\t\t\t\t\t\t\t\t\t\t\t\t\t\t\t<img loading=\"lazy\" decoding=\"async\" width=\"1024\" height=\"512\" src=\"https:\/\/porozumienie.org\/wp-content\/uploads\/2022\/07\/logo_MRiPS_png-1024x512.png\" class=\"attachment-large size-large wp-image-1048\" alt=\"\" srcset=\"https:\/\/porozumienie.org\/wp-content\/uploads\/2022\/07\/logo_MRiPS_png-1024x512.png 1024w, https:\/\/porozumienie.org\/wp-content\/uploads\/2022\/07\/logo_MRiPS_png-300x150.png 300w, https:\/\/porozumienie.org\/wp-content\/uploads\/2022\/07\/logo_MRiPS_png-768x384.png 768w, https:\/\/porozumienie.org\/wp-content\/uploads\/2022\/07\/logo_MRiPS_png.png 1182w\" sizes=\"(max-width: 1024px) 100vw, 1024px\" \/>\t\t\t\t\t\t\t\t\t\t\t\t\t\t\t<\/div>\n\t\t\t\t<\/div>\n\t\t\t\t\t<\/div>\n\t\t<\/div>\n\t\t\t\t<div class=\"elementor-column elementor-col-50 elementor-top-column elementor-element elementor-element-8e50246\" data-id=\"8e50246\" data-element_type=\"column\">\n\t\t\t<div class=\"elementor-widget-wrap elementor-element-populated\">\n\t\t\t\t\t\t<div class=\"elementor-element elementor-element-51224c1 elementor-widget elementor-widget-image\" data-id=\"51224c1\" data-element_type=\"widget\" data-widget_type=\"image.default\">\n\t\t\t\t<div class=\"elementor-widget-container\">\n\t\t\t\t\t\t\t\t\t\t\t\t\t\t\t<img loading=\"lazy\" decoding=\"async\" width=\"1024\" height=\"353\" src=\"https:\/\/porozumienie.org\/wp-content\/uploads\/2022\/07\/Aktywni-logo-1024x353.jpg\" class=\"attachment-large size-large wp-image-1050\" alt=\"\" srcset=\"https:\/\/porozumienie.org\/wp-content\/uploads\/2022\/07\/Aktywni-logo-1024x353.jpg 1024w, https:\/\/porozumienie.org\/wp-content\/uploads\/2022\/07\/Aktywni-logo-300x103.jpg 300w, https:\/\/porozumienie.org\/wp-content\/uploads\/2022\/07\/Aktywni-logo-768x265.jpg 768w, https:\/\/porozumienie.org\/wp-content\/uploads\/2022\/07\/Aktywni-logo-1536x530.jpg 1536w, https:\/\/porozumienie.org\/wp-content\/uploads\/2022\/07\/Aktywni-logo-2048x707.jpg 2048w\" sizes=\"(max-width: 1024px) 100vw, 1024px\" \/>\t\t\t\t\t\t\t\t\t\t\t\t\t\t\t<\/div>\n\t\t\t\t<\/div>\n\t\t\t\t\t<\/div>\n\t\t<\/div>\n\t\t\t\t\t<\/div>\n\t\t<\/section>\n\t\t\t\t<section class=\"elementor-section elementor-top-section elementor-element elementor-element-08e7963 elementor-section-boxed elementor-section-height-default elementor-section-height-default\" data-id=\"08e7963\" data-element_type=\"section\">\n\t\t\t\t\t\t<div class=\"elementor-container elementor-column-gap-default\">\n\t\t\t\t\t<div class=\"elementor-column elementor-col-100 elementor-top-column elementor-element elementor-element-02e93cb\" data-id=\"02e93cb\" data-element_type=\"column\">\n\t\t\t<div class=\"elementor-widget-wrap elementor-element-populated\">\n\t\t\t\t\t\t<div class=\"elementor-element elementor-element-e1595a8 elementor-position-top elementor-widget elementor-widget-image-box\" data-id=\"e1595a8\" data-element_type=\"widget\" data-widget_type=\"image-box.default\">\n\t\t\t\t<div class=\"elementor-widget-container\">\n\t\t\t\t\t<div class=\"elementor-image-box-wrapper\"><figure class=\"elementor-image-box-img\"><img loading=\"lazy\" decoding=\"async\" width=\"1751\" height=\"583\" src=\"https:\/\/porozumienie.org\/wp-content\/uploads\/2022\/07\/znaki_strona_www.png\" class=\"attachment-full size-full wp-image-1058\" alt=\"\" srcset=\"https:\/\/porozumienie.org\/wp-content\/uploads\/2022\/07\/znaki_strona_www.png 1751w, https:\/\/porozumienie.org\/wp-content\/uploads\/2022\/07\/znaki_strona_www-300x100.png 300w, https:\/\/porozumienie.org\/wp-content\/uploads\/2022\/07\/znaki_strona_www-1024x341.png 1024w, https:\/\/porozumienie.org\/wp-content\/uploads\/2022\/07\/znaki_strona_www-768x256.png 768w, https:\/\/porozumienie.org\/wp-content\/uploads\/2022\/07\/znaki_strona_www-1536x511.png 1536w\" sizes=\"(max-width: 1751px) 100vw, 1751px\" \/><\/figure><div class=\"elementor-image-box-content\"><h4 class=\"elementor-image-box-title\">Dofinansowano ze \u015arodk\u00f3w bud\u017cetu pa\u0144stwa<\/h4><p class=\"elementor-image-box-description\"><p><b>Program wieloletni na rzecz Os\u00f3b Starszych \u201eAktywni+\u201d na lata 2021\u20132025 Edycja 2023<\/b><\/p>\n<p> Zadanie: \u201eBezpieczny, czyli \u015bwiadomy i aktywny obywatel\u201d <\/p>\n<p>Warto\u015b\u0107 dofinansowania zadania ze \u015brodk\u00f3w bud\u017cetu pa\u0144stwa wynosi 90 722,22 z\u0142. <\/p>\n<p>Ca\u0142kowity koszt zadania wynosi 103 922,22 z\u0142.<\/p>\n<\/p><\/div><\/div>\t\t\t\t<\/div>\n\t\t\t\t<\/div>\n\t\t\t\t\t<\/div>\n\t\t<\/div>\n\t\t\t\t\t<\/div>\n\t\t<\/section>\n\t\t\t\t<\/div>\n\t\t","protected":false},"excerpt":{"rendered":"<p>\u201eBezpieczny, czyli \u015bwiadomy i aktywny obywatel\u201d &#8211; Edycja 2023 Harmonogramy zaj\u0119\u0107 i godziny pracy punkt\u00f3w pomocy prawnej Projekt \u201eBezpieczny, czyli \u015bwiadomy i aktywny obywatel\u201d skierowany jest do dw\u00f3ch grup spo\u0142ecznych, tj. senior\u00f3w oraz m\u0142odzie\u017cy szkolnej w wieku 14 \u2013 19 lat. G\u0142\u00f3wnym celem projektu jest realizacja dzia\u0142a\u0144 z zakresu integracji mi\u0119dzypokoleniowej poprzez edukacj\u0119 prawn\u0105 oraz&#8230;<\/p>\n","protected":false},"author":1,"featured_media":0,"parent":0,"menu_order":0,"comment_status":"closed","ping_status":"closed","template":"","meta":{"_kadence_starter_templates_imported_post":false,"_kad_post_transparent":"","_kad_post_title":"hide","_kad_post_layout":"fullwidth","_kad_post_sidebar_id":"","_kad_post_content_style":"unboxed","_kad_post_vertical_padding":"hide","_kad_post_feature":"hide","_kad_post_feature_position":"","_kad_post_header":false,"_kad_post_footer":false,"footnotes":""},"class_list":["post-1420","page","type-page","status-publish","hentry"],"yoast_head":"<!-- This site is optimized with the Yoast SEO plugin v24.5 - https:\/\/yoast.com\/wordpress\/plugins\/seo\/ -->\n<title>Bezpieczny, czyli \u015bwiadomy i aktywny obywatel - Fundacja Porozumienia Spo\u0142ecznego<\/title>\n<meta name=\"robots\" content=\"index, follow, max-snippet:-1, max-image-preview:large, max-video-preview:-1\" \/>\n<link rel=\"canonical\" href=\"https:\/\/porozumienie.org\/?page_id=1420\" \/>\n<meta property=\"og:locale\" content=\"pl_PL\" \/>\n<meta property=\"og:type\" content=\"article\" \/>\n<meta property=\"og:title\" content=\"Bezpieczny, czyli \u015bwiadomy i aktywny obywatel - Fundacja Porozumienia Spo\u0142ecznego\" \/>\n<meta property=\"og:description\" content=\"\u201eBezpieczny, czyli \u015bwiadomy i aktywny obywatel\u201d &#8211; Edycja 2023 Harmonogramy zaj\u0119\u0107 i godziny pracy punkt\u00f3w pomocy prawnej Projekt \u201eBezpieczny, czyli \u015bwiadomy i aktywny obywatel\u201d skierowany jest do dw\u00f3ch grup spo\u0142ecznych, tj. senior\u00f3w oraz m\u0142odzie\u017cy szkolnej w wieku 14 \u2013 19 lat. G\u0142\u00f3wnym celem projektu jest realizacja dzia\u0142a\u0144 z zakresu integracji mi\u0119dzypokoleniowej poprzez edukacj\u0119 prawn\u0105 oraz...\" \/>\n<meta property=\"og:url\" content=\"https:\/\/porozumienie.org\/?page_id=1420\" \/>\n<meta property=\"og:site_name\" content=\"Fundacja Porozumienia Spo\u0142ecznego\" \/>\n<meta property=\"article:modified_time\" content=\"2023-11-24T10:51:19+00:00\" \/>\n<meta property=\"og:image\" content=\"https:\/\/porozumienie.org\/wp-content\/uploads\/2022\/07\/znaki_strona_www-300x100.png\" \/>\n<meta name=\"twitter:card\" content=\"summary_large_image\" \/>\n<meta name=\"twitter:label1\" content=\"Szacowany czas czytania\" \/>\n\t<meta name=\"twitter:data1\" content=\"4 minuty\" \/>\n<script type=\"application\/ld+json\" class=\"yoast-schema-graph\">{\"@context\":\"https:\/\/schema.org\",\"@graph\":[{\"@type\":\"WebPage\",\"@id\":\"https:\/\/porozumienie.org\/?page_id=1420\",\"url\":\"https:\/\/porozumienie.org\/?page_id=1420\",\"name\":\"Bezpieczny, czyli \u015bwiadomy i aktywny obywatel - Fundacja Porozumienia Spo\u0142ecznego\",\"isPartOf\":{\"@id\":\"https:\/\/porozumienie.org\/#website\"},\"primaryImageOfPage\":{\"@id\":\"https:\/\/porozumienie.org\/?page_id=1420#primaryimage\"},\"image\":{\"@id\":\"https:\/\/porozumienie.org\/?page_id=1420#primaryimage\"},\"thumbnailUrl\":\"https:\/\/porozumienie.org\/wp-content\/uploads\/2022\/07\/znaki_strona_www-300x100.png\",\"datePublished\":\"2023-09-01T10:44:00+00:00\",\"dateModified\":\"2023-11-24T10:51:19+00:00\",\"breadcrumb\":{\"@id\":\"https:\/\/porozumienie.org\/?page_id=1420#breadcrumb\"},\"inLanguage\":\"pl-PL\",\"potentialAction\":[{\"@type\":\"ReadAction\",\"target\":[\"https:\/\/porozumienie.org\/?page_id=1420\"]}]},{\"@type\":\"ImageObject\",\"inLanguage\":\"pl-PL\",\"@id\":\"https:\/\/porozumienie.org\/?page_id=1420#primaryimage\",\"url\":\"https:\/\/porozumienie.org\/wp-content\/uploads\/2022\/07\/znaki_strona_www.png\",\"contentUrl\":\"https:\/\/porozumienie.org\/wp-content\/uploads\/2022\/07\/znaki_strona_www.png\",\"width\":1751,\"height\":583},{\"@type\":\"BreadcrumbList\",\"@id\":\"https:\/\/porozumienie.org\/?page_id=1420#breadcrumb\",\"itemListElement\":[{\"@type\":\"ListItem\",\"position\":1,\"name\":\"Home\",\"item\":\"https:\/\/porozumienie.org\/\"},{\"@type\":\"ListItem\",\"position\":2,\"name\":\"Bezpieczny, czyli \u015bwiadomy i aktywny obywatel\"}]},{\"@type\":\"WebSite\",\"@id\":\"https:\/\/porozumienie.org\/#website\",\"url\":\"https:\/\/porozumienie.org\/\",\"name\":\"Fundacja Porozumienia Spo\u0142ecznego\",\"description\":\"Zgoda buduje\",\"publisher\":{\"@id\":\"https:\/\/porozumienie.org\/#organization\"},\"potentialAction\":[{\"@type\":\"SearchAction\",\"target\":{\"@type\":\"EntryPoint\",\"urlTemplate\":\"https:\/\/porozumienie.org\/?s={search_term_string}\"},\"query-input\":{\"@type\":\"PropertyValueSpecification\",\"valueRequired\":true,\"valueName\":\"search_term_string\"}}],\"inLanguage\":\"pl-PL\"},{\"@type\":\"Organization\",\"@id\":\"https:\/\/porozumienie.org\/#organization\",\"name\":\"Fundacja Porozumienia Spo\u0142ecznego\",\"url\":\"https:\/\/porozumienie.org\/\",\"logo\":{\"@type\":\"ImageObject\",\"inLanguage\":\"pl-PL\",\"@id\":\"https:\/\/porozumienie.org\/#\/schema\/logo\/image\/\",\"url\":\"https:\/\/porozumienie.org\/wp-content\/uploads\/2022\/03\/cropped-cropped-Logo-1.png\",\"contentUrl\":\"https:\/\/porozumienie.org\/wp-content\/uploads\/2022\/03\/cropped-cropped-Logo-1.png\",\"width\":512,\"height\":246,\"caption\":\"Fundacja Porozumienia Spo\u0142ecznego\"},\"image\":{\"@id\":\"https:\/\/porozumienie.org\/#\/schema\/logo\/image\/\"}}]}<\/script>\n<!-- \/ Yoast SEO plugin. -->","yoast_head_json":{"title":"Bezpieczny, czyli \u015bwiadomy i aktywny obywatel - Fundacja Porozumienia Spo\u0142ecznego","robots":{"index":"index","follow":"follow","max-snippet":"max-snippet:-1","max-image-preview":"max-image-preview:large","max-video-preview":"max-video-preview:-1"},"canonical":"https:\/\/porozumienie.org\/?page_id=1420","og_locale":"pl_PL","og_type":"article","og_title":"Bezpieczny, czyli \u015bwiadomy i aktywny obywatel - Fundacja Porozumienia Spo\u0142ecznego","og_description":"\u201eBezpieczny, czyli \u015bwiadomy i aktywny obywatel\u201d &#8211; Edycja 2023 Harmonogramy zaj\u0119\u0107 i godziny pracy punkt\u00f3w pomocy prawnej Projekt \u201eBezpieczny, czyli \u015bwiadomy i aktywny obywatel\u201d skierowany jest do dw\u00f3ch grup spo\u0142ecznych, tj. senior\u00f3w oraz m\u0142odzie\u017cy szkolnej w wieku 14 \u2013 19 lat. G\u0142\u00f3wnym celem projektu jest realizacja dzia\u0142a\u0144 z zakresu integracji mi\u0119dzypokoleniowej poprzez edukacj\u0119 prawn\u0105 oraz...","og_url":"https:\/\/porozumienie.org\/?page_id=1420","og_site_name":"Fundacja Porozumienia Spo\u0142ecznego","article_modified_time":"2023-11-24T10:51:19+00:00","og_image":[{"url":"https:\/\/porozumienie.org\/wp-content\/uploads\/2022\/07\/znaki_strona_www-300x100.png","type":"","width":"","height":""}],"twitter_card":"summary_large_image","twitter_misc":{"Szacowany czas czytania":"4 minuty"},"schema":{"@context":"https:\/\/schema.org","@graph":[{"@type":"WebPage","@id":"https:\/\/porozumienie.org\/?page_id=1420","url":"https:\/\/porozumienie.org\/?page_id=1420","name":"Bezpieczny, czyli \u015bwiadomy i aktywny obywatel - Fundacja Porozumienia Spo\u0142ecznego","isPartOf":{"@id":"https:\/\/porozumienie.org\/#website"},"primaryImageOfPage":{"@id":"https:\/\/porozumienie.org\/?page_id=1420#primaryimage"},"image":{"@id":"https:\/\/porozumienie.org\/?page_id=1420#primaryimage"},"thumbnailUrl":"https:\/\/porozumienie.org\/wp-content\/uploads\/2022\/07\/znaki_strona_www-300x100.png","datePublished":"2023-09-01T10:44:00+00:00","dateModified":"2023-11-24T10:51:19+00:00","breadcrumb":{"@id":"https:\/\/porozumienie.org\/?page_id=1420#breadcrumb"},"inLanguage":"pl-PL","potentialAction":[{"@type":"ReadAction","target":["https:\/\/porozumienie.org\/?page_id=1420"]}]},{"@type":"ImageObject","inLanguage":"pl-PL","@id":"https:\/\/porozumienie.org\/?page_id=1420#primaryimage","url":"https:\/\/porozumienie.org\/wp-content\/uploads\/2022\/07\/znaki_strona_www.png","contentUrl":"https:\/\/porozumienie.org\/wp-content\/uploads\/2022\/07\/znaki_strona_www.png","width":1751,"height":583},{"@type":"BreadcrumbList","@id":"https:\/\/porozumienie.org\/?page_id=1420#breadcrumb","itemListElement":[{"@type":"ListItem","position":1,"name":"Home","item":"https:\/\/porozumienie.org\/"},{"@type":"ListItem","position":2,"name":"Bezpieczny, czyli \u015bwiadomy i aktywny obywatel"}]},{"@type":"WebSite","@id":"https:\/\/porozumienie.org\/#website","url":"https:\/\/porozumienie.org\/","name":"Fundacja Porozumienia Spo\u0142ecznego","description":"Zgoda buduje","publisher":{"@id":"https:\/\/porozumienie.org\/#organization"},"potentialAction":[{"@type":"SearchAction","target":{"@type":"EntryPoint","urlTemplate":"https:\/\/porozumienie.org\/?s={search_term_string}"},"query-input":{"@type":"PropertyValueSpecification","valueRequired":true,"valueName":"search_term_string"}}],"inLanguage":"pl-PL"},{"@type":"Organization","@id":"https:\/\/porozumienie.org\/#organization","name":"Fundacja Porozumienia Spo\u0142ecznego","url":"https:\/\/porozumienie.org\/","logo":{"@type":"ImageObject","inLanguage":"pl-PL","@id":"https:\/\/porozumienie.org\/#\/schema\/logo\/image\/","url":"https:\/\/porozumienie.org\/wp-content\/uploads\/2022\/03\/cropped-cropped-Logo-1.png","contentUrl":"https:\/\/porozumienie.org\/wp-content\/uploads\/2022\/03\/cropped-cropped-Logo-1.png","width":512,"height":246,"caption":"Fundacja Porozumienia Spo\u0142ecznego"},"image":{"@id":"https:\/\/porozumienie.org\/#\/schema\/logo\/image\/"}}]}},"_links":{"self":[{"href":"https:\/\/porozumienie.org\/index.php?rest_route=\/wp\/v2\/pages\/1420","targetHints":{"allow":["GET"]}}],"collection":[{"href":"https:\/\/porozumienie.org\/index.php?rest_route=\/wp\/v2\/pages"}],"about":[{"href":"https:\/\/porozumienie.org\/index.php?rest_route=\/wp\/v2\/types\/page"}],"author":[{"embeddable":true,"href":"https:\/\/porozumienie.org\/index.php?rest_route=\/wp\/v2\/users\/1"}],"replies":[{"embeddable":true,"href":"https:\/\/porozumienie.org\/index.php?rest_route=%2Fwp%2Fv2%2Fcomments&post=1420"}],"version-history":[{"count":27,"href":"https:\/\/porozumienie.org\/index.php?rest_route=\/wp\/v2\/pages\/1420\/revisions"}],"predecessor-version":[{"id":1695,"href":"https:\/\/porozumienie.org\/index.php?rest_route=\/wp\/v2\/pages\/1420\/revisions\/1695"}],"wp:attachment":[{"href":"https:\/\/porozumienie.org\/index.php?rest_route=%2Fwp%2Fv2%2Fmedia&parent=1420"}],"curies":[{"name":"wp","href":"https:\/\/api.w.org\/{rel}","templated":true}]}}