{"id":1779,"date":"2024-05-28T17:43:34","date_gmt":"2024-05-28T15:43:34","guid":{"rendered":"https:\/\/porozumienie.org\/?page_id=1779"},"modified":"2024-05-28T18:06:21","modified_gmt":"2024-05-28T16:06:21","slug":"aktywny-i-swiadomy-swoich-praw-obywatel-2","status":"publish","type":"page","link":"https:\/\/porozumienie.org\/?page_id=1779","title":{"rendered":"AKTYWNY I \u015aWIADOMY SWOICH PRAW OBYWATEL"},"content":{"rendered":"\t\t<div data-elementor-type=\"wp-page\" data-elementor-id=\"1779\" class=\"elementor elementor-1779\">\n\t\t\t\t\t\t<section class=\"elementor-section elementor-top-section elementor-element elementor-element-5756bc3 elementor-section-boxed elementor-section-height-default elementor-section-height-default\" data-id=\"5756bc3\" data-element_type=\"section\">\n\t\t\t\t\t\t<div class=\"elementor-container elementor-column-gap-default\">\n\t\t\t\t\t<div class=\"elementor-column elementor-col-50 elementor-top-column elementor-element elementor-element-3414a3b\" data-id=\"3414a3b\" data-element_type=\"column\">\n\t\t\t<div class=\"elementor-widget-wrap elementor-element-populated\">\n\t\t\t\t\t\t<div class=\"elementor-element elementor-element-b82452e elementor-widget__width-initial elementor-widget elementor-widget-image\" data-id=\"b82452e\" data-element_type=\"widget\" data-widget_type=\"image.default\">\n\t\t\t\t<div class=\"elementor-widget-container\">\n\t\t\t\t\t\t\t\t\t\t\t\t\t\t\t<img decoding=\"async\" width=\"300\" height=\"100\" src=\"https:\/\/porozumienie.org\/wp-content\/uploads\/2022\/07\/znaki_strona_www-300x100.png\" class=\"attachment-medium size-medium wp-image-1058\" alt=\"\" srcset=\"https:\/\/porozumienie.org\/wp-content\/uploads\/2022\/07\/znaki_strona_www-300x100.png 300w, https:\/\/porozumienie.org\/wp-content\/uploads\/2022\/07\/znaki_strona_www-1024x341.png 1024w, https:\/\/porozumienie.org\/wp-content\/uploads\/2022\/07\/znaki_strona_www-768x256.png 768w, https:\/\/porozumienie.org\/wp-content\/uploads\/2022\/07\/znaki_strona_www-1536x511.png 1536w, https:\/\/porozumienie.org\/wp-content\/uploads\/2022\/07\/znaki_strona_www.png 1751w\" sizes=\"(max-width: 300px) 100vw, 300px\" \/>\t\t\t\t\t\t\t\t\t\t\t\t\t\t\t<\/div>\n\t\t\t\t<\/div>\n\t\t\t\t\t<\/div>\n\t\t<\/div>\n\t\t\t\t<div class=\"elementor-column elementor-col-50 elementor-top-column elementor-element elementor-element-1b2579d\" data-id=\"1b2579d\" data-element_type=\"column\">\n\t\t\t<div class=\"elementor-widget-wrap elementor-element-populated\">\n\t\t\t\t\t\t<div class=\"elementor-element elementor-element-d1c59c7 elementor-widget__width-initial elementor-widget elementor-widget-image\" data-id=\"d1c59c7\" data-element_type=\"widget\" data-widget_type=\"image.default\">\n\t\t\t\t<div class=\"elementor-widget-container\">\n\t\t\t\t\t\t\t\t\t\t\t\t\t\t\t<img fetchpriority=\"high\" decoding=\"async\" width=\"1024\" height=\"149\" src=\"https:\/\/porozumienie.org\/wp-content\/uploads\/2023\/09\/NOWE_FIO_zestawienie_1_KOLOR-1024x149.jpg\" class=\"attachment-large size-large wp-image-1484\" alt=\"\" srcset=\"https:\/\/porozumienie.org\/wp-content\/uploads\/2023\/09\/NOWE_FIO_zestawienie_1_KOLOR-1024x149.jpg 1024w, https:\/\/porozumienie.org\/wp-content\/uploads\/2023\/09\/NOWE_FIO_zestawienie_1_KOLOR-300x44.jpg 300w, https:\/\/porozumienie.org\/wp-content\/uploads\/2023\/09\/NOWE_FIO_zestawienie_1_KOLOR-768x112.jpg 768w, https:\/\/porozumienie.org\/wp-content\/uploads\/2023\/09\/NOWE_FIO_zestawienie_1_KOLOR-1536x223.jpg 1536w, https:\/\/porozumienie.org\/wp-content\/uploads\/2023\/09\/NOWE_FIO_zestawienie_1_KOLOR-2048x298.jpg 2048w\" sizes=\"(max-width: 1024px) 100vw, 1024px\" \/>\t\t\t\t\t\t\t\t\t\t\t\t\t\t\t<\/div>\n\t\t\t\t<\/div>\n\t\t\t\t\t<\/div>\n\t\t<\/div>\n\t\t\t\t\t<\/div>\n\t\t<\/section>\n\t\t\t\t<section class=\"elementor-section elementor-top-section elementor-element elementor-element-326fec9 elementor-section-boxed elementor-section-height-default elementor-section-height-default\" data-id=\"326fec9\" data-element_type=\"section\" data-settings=\"{&quot;background_background&quot;:&quot;classic&quot;}\">\n\t\t\t\t\t\t\t<div class=\"elementor-background-overlay\"><\/div>\n\t\t\t\t\t\t\t<div class=\"elementor-container elementor-column-gap-default\">\n\t\t\t\t\t<div class=\"elementor-column elementor-col-100 elementor-top-column elementor-element elementor-element-8f3e072\" data-id=\"8f3e072\" data-element_type=\"column\">\n\t\t\t<div class=\"elementor-widget-wrap elementor-element-populated\">\n\t\t\t\t\t\t<div class=\"elementor-element elementor-element-9671aa6 elementor-widget elementor-widget-heading\" data-id=\"9671aa6\" data-element_type=\"widget\" data-widget_type=\"heading.default\">\n\t\t\t\t<div class=\"elementor-widget-container\">\n\t\t\t\t\t<h2 class=\"elementor-heading-title elementor-size-default\"><strong>\u201eAktywny i \u015bwiadomy swoich praw obywatel\u201d<\/strong> - Zaj\u0119cia w roku 2024<\/h2>\t\t\t\t<\/div>\n\t\t\t\t<\/div>\n\t\t\t\t<div class=\"elementor-element elementor-element-89f2a42 elementor-align-center elementor-widget elementor-widget-button\" data-id=\"89f2a42\" data-element_type=\"widget\" data-widget_type=\"button.default\">\n\t\t\t\t<div class=\"elementor-widget-container\">\n\t\t\t\t\t\t\t\t\t<div class=\"elementor-button-wrapper\">\n\t\t\t\t\t<a class=\"elementor-button elementor-button-link elementor-size-sm\" href=\"https:\/\/porozumienie.org\/?page_id=1801\">\n\t\t\t\t\t\t<span class=\"elementor-button-content-wrapper\">\n\t\t\t\t\t\t\t\t\t<span class=\"elementor-button-text\">Harmonogramy zaj\u0119\u0107 i godziny pracy Punkt\u00f3w Pomocy prawnej<\/span>\n\t\t\t\t\t<\/span>\n\t\t\t\t\t<\/a>\n\t\t\t\t<\/div>\n\t\t\t\t\t\t\t\t<\/div>\n\t\t\t\t<\/div>\n\t\t\t\t\t<\/div>\n\t\t<\/div>\n\t\t\t\t\t<\/div>\n\t\t<\/section>\n\t\t\t\t<section class=\"elementor-section elementor-top-section elementor-element elementor-element-de82da9 elementor-section-boxed elementor-section-height-default elementor-section-height-default\" data-id=\"de82da9\" data-element_type=\"section\">\n\t\t\t\t\t\t<div class=\"elementor-container elementor-column-gap-default\">\n\t\t\t\t\t<div class=\"elementor-column elementor-col-100 elementor-top-column elementor-element elementor-element-5819cd4\" data-id=\"5819cd4\" data-element_type=\"column\">\n\t\t\t<div class=\"elementor-widget-wrap elementor-element-populated\">\n\t\t\t\t\t\t<div class=\"elementor-element elementor-element-3cdf08f elementor-widget elementor-widget-text-editor\" data-id=\"3cdf08f\" data-element_type=\"widget\" data-widget_type=\"text-editor.default\">\n\t\t\t\t<div class=\"elementor-widget-container\">\n\t\t\t\t\t\t\t\t\t<p>Projekt \u201eAktywny i \u015bwiadomy swoich praw obywatel\u201d skierowany jest do trzech grup spo\u0142ecznych, tj. senior\u00f3w, m\u0142odzie\u017cy szkolnej w wieku 14 \u2013 19 lat oraz uchod\u017ac\u00f3w wojennych z Ukrainy.<\/p><p>Projekt zak\u0142ada trzy g\u0142\u00f3wne cele. Pierwszym celem jest zwi\u0119kszenie \u015bwiadomo\u015bci prawnej wskazanych wy\u017cej grup spo\u0142ecznych poprzez udzia\u0142 w warsztatach praktycznych z zakresu edukacji prawnej. Drugi cel programu to udzielanie nieodp\u0142atnej pomocy prawnej dla obywateli Ukrainy \u2013 uchod\u017ac\u00f3w wojennych. Trzeci cel programu to zwi\u0119kszenie aktywno\u015bci fizycznej senior\u00f3w poprzez udzia\u0142 w zaj\u0119ciach wzmacniaj\u0105co-gimnastycznych.<\/p><p>Projekt realizowany jest terenie powiat\u00f3w tomaszowskiego, opoczy\u0144skiego i piotrkowskiego.<\/p><p>Terminy i inne informacje dotycz\u0105ce zaj\u0119\u0107 i inicjatyw realizowanych w ramach programu w roku 2024 <a href=\"https:\/\/porozumienie.org\/?page_id=1801\">mog\u0105 Pa\u0144stwo odnale\u017a\u0107 tutaj<\/a>.<\/p><p>Zadanie \u201eAktywny i \u015bwiadomy swoich praw obywatel\u201d zosta\u0142o sfinansowane ze \u015brodk\u00f3w Narodowego Instytutu Wolno\u015bci Centrum Rozwoju Spo\u0142ecze\u0144stwa Obywatelskiego w ramach Rz\u0105dowego Programu Fundusz Inicjatyw Obywatelskich NOWEFIO na lata 2021-2030.<\/p><p>Wi\u0119cej informacji o edycji 2023 Rz\u0105dowego Programu Fundusz Inicjatyw Obywatelskich NOWEFIO na lata 2021-2030 mo\u017cna dowiedzie\u0107 si\u0119 <a href=\"https:\/\/niw.gov.pl\/nasze-programy\/nowefio\/edycja-2023\/\">klikaj\u0105c tutaj<\/a>.<\/p>\t\t\t\t\t\t\t\t<\/div>\n\t\t\t\t<\/div>\n\t\t\t\t\t<\/div>\n\t\t<\/div>\n\t\t\t\t\t<\/div>\n\t\t<\/section>\n\t\t\t\t<section class=\"elementor-section elementor-top-section elementor-element elementor-element-bf03de3 elementor-section-boxed elementor-section-height-default elementor-section-height-default\" data-id=\"bf03de3\" data-element_type=\"section\">\n\t\t\t\t\t\t<div class=\"elementor-container elementor-column-gap-default\">\n\t\t\t\t\t<div class=\"elementor-column elementor-col-100 elementor-top-column elementor-element elementor-element-e1c324b\" data-id=\"e1c324b\" data-element_type=\"column\">\n\t\t\t<div class=\"elementor-widget-wrap elementor-element-populated\">\n\t\t\t\t\t\t<div class=\"elementor-element elementor-element-45dd015 elementor-widget elementor-widget-image\" data-id=\"45dd015\" data-element_type=\"widget\" data-widget_type=\"image.default\">\n\t\t\t\t<div class=\"elementor-widget-container\">\n\t\t\t\t\t\t\t\t\t\t\t\t\t\t\t<img fetchpriority=\"high\" decoding=\"async\" width=\"1024\" height=\"149\" src=\"https:\/\/porozumienie.org\/wp-content\/uploads\/2023\/09\/NOWE_FIO_zestawienie_1_KOLOR-1024x149.jpg\" class=\"attachment-large size-large wp-image-1484\" alt=\"\" srcset=\"https:\/\/porozumienie.org\/wp-content\/uploads\/2023\/09\/NOWE_FIO_zestawienie_1_KOLOR-1024x149.jpg 1024w, https:\/\/porozumienie.org\/wp-content\/uploads\/2023\/09\/NOWE_FIO_zestawienie_1_KOLOR-300x44.jpg 300w, https:\/\/porozumienie.org\/wp-content\/uploads\/2023\/09\/NOWE_FIO_zestawienie_1_KOLOR-768x112.jpg 768w, https:\/\/porozumienie.org\/wp-content\/uploads\/2023\/09\/NOWE_FIO_zestawienie_1_KOLOR-1536x223.jpg 1536w, https:\/\/porozumienie.org\/wp-content\/uploads\/2023\/09\/NOWE_FIO_zestawienie_1_KOLOR-2048x298.jpg 2048w\" sizes=\"(max-width: 1024px) 100vw, 1024px\" \/>\t\t\t\t\t\t\t\t\t\t\t\t\t\t\t<\/div>\n\t\t\t\t<\/div>\n\t\t\t\t\t<\/div>\n\t\t<\/div>\n\t\t\t\t\t<\/div>\n\t\t<\/section>\n\t\t\t\t<section class=\"elementor-section elementor-top-section elementor-element elementor-element-7728834 elementor-section-boxed elementor-section-height-default elementor-section-height-default\" data-id=\"7728834\" data-element_type=\"section\">\n\t\t\t\t\t\t<div class=\"elementor-container elementor-column-gap-default\">\n\t\t\t\t\t<div class=\"elementor-column elementor-col-100 elementor-top-column elementor-element elementor-element-e9176af\" data-id=\"e9176af\" data-element_type=\"column\">\n\t\t\t<div class=\"elementor-widget-wrap elementor-element-populated\">\n\t\t\t\t\t\t<div class=\"elementor-element elementor-element-1774c9f elementor-position-top elementor-widget elementor-widget-image-box\" data-id=\"1774c9f\" data-element_type=\"widget\" data-widget_type=\"image-box.default\">\n\t\t\t\t<div class=\"elementor-widget-container\">\n\t\t\t\t\t<div class=\"elementor-image-box-wrapper\"><figure class=\"elementor-image-box-img\"><img decoding=\"async\" width=\"1751\" height=\"583\" src=\"https:\/\/porozumienie.org\/wp-content\/uploads\/2022\/07\/znaki_strona_www.png\" class=\"attachment-full size-full wp-image-1058\" alt=\"\" srcset=\"https:\/\/porozumienie.org\/wp-content\/uploads\/2022\/07\/znaki_strona_www.png 1751w, https:\/\/porozumienie.org\/wp-content\/uploads\/2022\/07\/znaki_strona_www-300x100.png 300w, https:\/\/porozumienie.org\/wp-content\/uploads\/2022\/07\/znaki_strona_www-1024x341.png 1024w, https:\/\/porozumienie.org\/wp-content\/uploads\/2022\/07\/znaki_strona_www-768x256.png 768w, https:\/\/porozumienie.org\/wp-content\/uploads\/2022\/07\/znaki_strona_www-1536x511.png 1536w\" sizes=\"(max-width: 1751px) 100vw, 1751px\" \/><\/figure><div class=\"elementor-image-box-content\"><h4 class=\"elementor-image-box-title\">Dofinansowano ze \u015arodk\u00f3w bud\u017cetu pa\u0144stwa<\/h4><p class=\"elementor-image-box-description\"><p><b>Rz\u0105dowy Program Fundusz Inicjatyw Obywatelskich NOWEFIO na lata 2021-2030. Edycja 2023.<\/b><\/p>\n<p> Zadanie: \u201eAktywny i \u015bwiadomy swoich praw obywatel\u201d <\/p>\n<p>Warto\u015b\u0107 dofinansowania zadania ze \u015brodk\u00f3w bud\u017cetu pa\u0144stwa wynosi 155 000.00 z\u0142. <\/p>\n<p>Ca\u0142kowity koszt zadania wynosi 155 000.00 z\u0142.<\/p>\n<\/p><\/div><\/div>\t\t\t\t<\/div>\n\t\t\t\t<\/div>\n\t\t\t\t\t<\/div>\n\t\t<\/div>\n\t\t\t\t\t<\/div>\n\t\t<\/section>\n\t\t\t\t<\/div>\n\t\t","protected":false},"excerpt":{"rendered":"<p>\u201eAktywny i \u015bwiadomy swoich praw obywatel\u201d &#8211; Zaj\u0119cia w roku 2024 Harmonogramy zaj\u0119\u0107 i godziny pracy Punkt\u00f3w Pomocy prawnej Projekt \u201eAktywny i \u015bwiadomy swoich praw obywatel\u201d skierowany jest do trzech grup spo\u0142ecznych, tj. senior\u00f3w, m\u0142odzie\u017cy szkolnej w wieku 14 \u2013 19 lat oraz uchod\u017ac\u00f3w wojennych z Ukrainy. Projekt zak\u0142ada trzy g\u0142\u00f3wne cele. Pierwszym celem jest&#8230;<\/p>\n","protected":false},"author":1,"featured_media":0,"parent":0,"menu_order":0,"comment_status":"closed","ping_status":"closed","template":"","meta":{"_kadence_starter_templates_imported_post":false,"_kad_post_transparent":"","_kad_post_title":"hide","_kad_post_layout":"fullwidth","_kad_post_sidebar_id":"","_kad_post_content_style":"unboxed","_kad_post_vertical_padding":"hide","_kad_post_feature":"hide","_kad_post_feature_position":"","_kad_post_header":false,"_kad_post_footer":false,"footnotes":""},"class_list":["post-1779","page","type-page","status-publish","hentry"],"yoast_head":"<!-- This site is optimized with the Yoast SEO plugin v24.5 - https:\/\/yoast.com\/wordpress\/plugins\/seo\/ -->\n<title>AKTYWNY I \u015aWIADOMY SWOICH PRAW OBYWATEL - Fundacja Porozumienia Spo\u0142ecznego<\/title>\n<meta name=\"robots\" content=\"index, follow, max-snippet:-1, max-image-preview:large, max-video-preview:-1\" \/>\n<link rel=\"canonical\" href=\"https:\/\/porozumienie.org\/?page_id=1779\" \/>\n<meta property=\"og:locale\" content=\"pl_PL\" \/>\n<meta property=\"og:type\" content=\"article\" \/>\n<meta property=\"og:title\" content=\"AKTYWNY I \u015aWIADOMY SWOICH PRAW OBYWATEL - Fundacja Porozumienia Spo\u0142ecznego\" \/>\n<meta property=\"og:description\" content=\"\u201eAktywny i \u015bwiadomy swoich praw obywatel\u201d &#8211; Zaj\u0119cia w roku 2024 Harmonogramy zaj\u0119\u0107 i godziny pracy Punkt\u00f3w Pomocy prawnej Projekt \u201eAktywny i \u015bwiadomy swoich praw obywatel\u201d skierowany jest do trzech grup spo\u0142ecznych, tj. senior\u00f3w, m\u0142odzie\u017cy szkolnej w wieku 14 \u2013 19 lat oraz uchod\u017ac\u00f3w wojennych z Ukrainy. Projekt zak\u0142ada trzy g\u0142\u00f3wne cele. Pierwszym celem jest...\" \/>\n<meta property=\"og:url\" content=\"https:\/\/porozumienie.org\/?page_id=1779\" \/>\n<meta property=\"og:site_name\" content=\"Fundacja Porozumienia Spo\u0142ecznego\" \/>\n<meta property=\"article:modified_time\" content=\"2024-05-28T16:06:21+00:00\" \/>\n<meta property=\"og:image\" content=\"https:\/\/porozumienie.org\/wp-content\/uploads\/2022\/07\/znaki_strona_www-300x100.png\" \/>\n<meta name=\"twitter:card\" content=\"summary_large_image\" \/>\n<meta name=\"twitter:label1\" content=\"Szacowany czas czytania\" \/>\n\t<meta name=\"twitter:data1\" content=\"3 minuty\" \/>\n<script type=\"application\/ld+json\" class=\"yoast-schema-graph\">{\"@context\":\"https:\/\/schema.org\",\"@graph\":[{\"@type\":\"WebPage\",\"@id\":\"https:\/\/porozumienie.org\/?page_id=1779\",\"url\":\"https:\/\/porozumienie.org\/?page_id=1779\",\"name\":\"AKTYWNY I \u015aWIADOMY SWOICH PRAW OBYWATEL - Fundacja Porozumienia Spo\u0142ecznego\",\"isPartOf\":{\"@id\":\"https:\/\/porozumienie.org\/#website\"},\"primaryImageOfPage\":{\"@id\":\"https:\/\/porozumienie.org\/?page_id=1779#primaryimage\"},\"image\":{\"@id\":\"https:\/\/porozumienie.org\/?page_id=1779#primaryimage\"},\"thumbnailUrl\":\"https:\/\/porozumienie.org\/wp-content\/uploads\/2022\/07\/znaki_strona_www-300x100.png\",\"datePublished\":\"2024-05-28T15:43:34+00:00\",\"dateModified\":\"2024-05-28T16:06:21+00:00\",\"breadcrumb\":{\"@id\":\"https:\/\/porozumienie.org\/?page_id=1779#breadcrumb\"},\"inLanguage\":\"pl-PL\",\"potentialAction\":[{\"@type\":\"ReadAction\",\"target\":[\"https:\/\/porozumienie.org\/?page_id=1779\"]}]},{\"@type\":\"ImageObject\",\"inLanguage\":\"pl-PL\",\"@id\":\"https:\/\/porozumienie.org\/?page_id=1779#primaryimage\",\"url\":\"https:\/\/porozumienie.org\/wp-content\/uploads\/2022\/07\/znaki_strona_www.png\",\"contentUrl\":\"https:\/\/porozumienie.org\/wp-content\/uploads\/2022\/07\/znaki_strona_www.png\",\"width\":1751,\"height\":583},{\"@type\":\"BreadcrumbList\",\"@id\":\"https:\/\/porozumienie.org\/?page_id=1779#breadcrumb\",\"itemListElement\":[{\"@type\":\"ListItem\",\"position\":1,\"name\":\"Home\",\"item\":\"https:\/\/porozumienie.org\/\"},{\"@type\":\"ListItem\",\"position\":2,\"name\":\"AKTYWNY I \u015aWIADOMY SWOICH PRAW OBYWATEL\"}]},{\"@type\":\"WebSite\",\"@id\":\"https:\/\/porozumienie.org\/#website\",\"url\":\"https:\/\/porozumienie.org\/\",\"name\":\"Fundacja Porozumienia Spo\u0142ecznego\",\"description\":\"Zgoda buduje\",\"publisher\":{\"@id\":\"https:\/\/porozumienie.org\/#organization\"},\"potentialAction\":[{\"@type\":\"SearchAction\",\"target\":{\"@type\":\"EntryPoint\",\"urlTemplate\":\"https:\/\/porozumienie.org\/?s={search_term_string}\"},\"query-input\":{\"@type\":\"PropertyValueSpecification\",\"valueRequired\":true,\"valueName\":\"search_term_string\"}}],\"inLanguage\":\"pl-PL\"},{\"@type\":\"Organization\",\"@id\":\"https:\/\/porozumienie.org\/#organization\",\"name\":\"Fundacja Porozumienia Spo\u0142ecznego\",\"url\":\"https:\/\/porozumienie.org\/\",\"logo\":{\"@type\":\"ImageObject\",\"inLanguage\":\"pl-PL\",\"@id\":\"https:\/\/porozumienie.org\/#\/schema\/logo\/image\/\",\"url\":\"https:\/\/porozumienie.org\/wp-content\/uploads\/2022\/03\/cropped-cropped-Logo-1.png\",\"contentUrl\":\"https:\/\/porozumienie.org\/wp-content\/uploads\/2022\/03\/cropped-cropped-Logo-1.png\",\"width\":512,\"height\":246,\"caption\":\"Fundacja Porozumienia Spo\u0142ecznego\"},\"image\":{\"@id\":\"https:\/\/porozumienie.org\/#\/schema\/logo\/image\/\"}}]}<\/script>\n<!-- \/ Yoast SEO plugin. -->","yoast_head_json":{"title":"AKTYWNY I \u015aWIADOMY SWOICH PRAW OBYWATEL - Fundacja Porozumienia Spo\u0142ecznego","robots":{"index":"index","follow":"follow","max-snippet":"max-snippet:-1","max-image-preview":"max-image-preview:large","max-video-preview":"max-video-preview:-1"},"canonical":"https:\/\/porozumienie.org\/?page_id=1779","og_locale":"pl_PL","og_type":"article","og_title":"AKTYWNY I \u015aWIADOMY SWOICH PRAW OBYWATEL - Fundacja Porozumienia Spo\u0142ecznego","og_description":"\u201eAktywny i \u015bwiadomy swoich praw obywatel\u201d &#8211; Zaj\u0119cia w roku 2024 Harmonogramy zaj\u0119\u0107 i godziny pracy Punkt\u00f3w Pomocy prawnej Projekt \u201eAktywny i \u015bwiadomy swoich praw obywatel\u201d skierowany jest do trzech grup spo\u0142ecznych, tj. senior\u00f3w, m\u0142odzie\u017cy szkolnej w wieku 14 \u2013 19 lat oraz uchod\u017ac\u00f3w wojennych z Ukrainy. Projekt zak\u0142ada trzy g\u0142\u00f3wne cele. Pierwszym celem jest...","og_url":"https:\/\/porozumienie.org\/?page_id=1779","og_site_name":"Fundacja Porozumienia Spo\u0142ecznego","article_modified_time":"2024-05-28T16:06:21+00:00","og_image":[{"url":"https:\/\/porozumienie.org\/wp-content\/uploads\/2022\/07\/znaki_strona_www-300x100.png","type":"","width":"","height":""}],"twitter_card":"summary_large_image","twitter_misc":{"Szacowany czas czytania":"3 minuty"},"schema":{"@context":"https:\/\/schema.org","@graph":[{"@type":"WebPage","@id":"https:\/\/porozumienie.org\/?page_id=1779","url":"https:\/\/porozumienie.org\/?page_id=1779","name":"AKTYWNY I \u015aWIADOMY SWOICH PRAW OBYWATEL - Fundacja Porozumienia Spo\u0142ecznego","isPartOf":{"@id":"https:\/\/porozumienie.org\/#website"},"primaryImageOfPage":{"@id":"https:\/\/porozumienie.org\/?page_id=1779#primaryimage"},"image":{"@id":"https:\/\/porozumienie.org\/?page_id=1779#primaryimage"},"thumbnailUrl":"https:\/\/porozumienie.org\/wp-content\/uploads\/2022\/07\/znaki_strona_www-300x100.png","datePublished":"2024-05-28T15:43:34+00:00","dateModified":"2024-05-28T16:06:21+00:00","breadcrumb":{"@id":"https:\/\/porozumienie.org\/?page_id=1779#breadcrumb"},"inLanguage":"pl-PL","potentialAction":[{"@type":"ReadAction","target":["https:\/\/porozumienie.org\/?page_id=1779"]}]},{"@type":"ImageObject","inLanguage":"pl-PL","@id":"https:\/\/porozumienie.org\/?page_id=1779#primaryimage","url":"https:\/\/porozumienie.org\/wp-content\/uploads\/2022\/07\/znaki_strona_www.png","contentUrl":"https:\/\/porozumienie.org\/wp-content\/uploads\/2022\/07\/znaki_strona_www.png","width":1751,"height":583},{"@type":"BreadcrumbList","@id":"https:\/\/porozumienie.org\/?page_id=1779#breadcrumb","itemListElement":[{"@type":"ListItem","position":1,"name":"Home","item":"https:\/\/porozumienie.org\/"},{"@type":"ListItem","position":2,"name":"AKTYWNY I \u015aWIADOMY SWOICH PRAW OBYWATEL"}]},{"@type":"WebSite","@id":"https:\/\/porozumienie.org\/#website","url":"https:\/\/porozumienie.org\/","name":"Fundacja Porozumienia Spo\u0142ecznego","description":"Zgoda buduje","publisher":{"@id":"https:\/\/porozumienie.org\/#organization"},"potentialAction":[{"@type":"SearchAction","target":{"@type":"EntryPoint","urlTemplate":"https:\/\/porozumienie.org\/?s={search_term_string}"},"query-input":{"@type":"PropertyValueSpecification","valueRequired":true,"valueName":"search_term_string"}}],"inLanguage":"pl-PL"},{"@type":"Organization","@id":"https:\/\/porozumienie.org\/#organization","name":"Fundacja Porozumienia Spo\u0142ecznego","url":"https:\/\/porozumienie.org\/","logo":{"@type":"ImageObject","inLanguage":"pl-PL","@id":"https:\/\/porozumienie.org\/#\/schema\/logo\/image\/","url":"https:\/\/porozumienie.org\/wp-content\/uploads\/2022\/03\/cropped-cropped-Logo-1.png","contentUrl":"https:\/\/porozumienie.org\/wp-content\/uploads\/2022\/03\/cropped-cropped-Logo-1.png","width":512,"height":246,"caption":"Fundacja Porozumienia Spo\u0142ecznego"},"image":{"@id":"https:\/\/porozumienie.org\/#\/schema\/logo\/image\/"}}]}},"_links":{"self":[{"href":"https:\/\/porozumienie.org\/index.php?rest_route=\/wp\/v2\/pages\/1779","targetHints":{"allow":["GET"]}}],"collection":[{"href":"https:\/\/porozumienie.org\/index.php?rest_route=\/wp\/v2\/pages"}],"about":[{"href":"https:\/\/porozumienie.org\/index.php?rest_route=\/wp\/v2\/types\/page"}],"author":[{"embeddable":true,"href":"https:\/\/porozumienie.org\/index.php?rest_route=\/wp\/v2\/users\/1"}],"replies":[{"embeddable":true,"href":"https:\/\/porozumienie.org\/index.php?rest_route=%2Fwp%2Fv2%2Fcomments&post=1779"}],"version-history":[{"count":8,"href":"https:\/\/porozumienie.org\/index.php?rest_route=\/wp\/v2\/pages\/1779\/revisions"}],"predecessor-version":[{"id":1811,"href":"https:\/\/porozumienie.org\/index.php?rest_route=\/wp\/v2\/pages\/1779\/revisions\/1811"}],"wp:attachment":[{"href":"https:\/\/porozumienie.org\/index.php?rest_route=%2Fwp%2Fv2%2Fmedia&parent=1779"}],"curies":[{"name":"wp","href":"https:\/\/api.w.org\/{rel}","templated":true}]}}