{"id":691,"date":"2021-09-07T10:11:43","date_gmt":"2021-09-07T10:11:43","guid":{"rendered":"https:\/\/kits.themecy.com\/memberships-2\/?page_id=6"},"modified":"2025-02-21T19:21:20","modified_gmt":"2025-02-21T18:21:20","slug":"home","status":"publish","type":"page","link":"https:\/\/porozumienie.org\/","title":{"rendered":"Home"},"content":{"rendered":"\t\t<div data-elementor-type=\"wp-page\" data-elementor-id=\"691\" class=\"elementor elementor-691\">\n\t\t\t\t\t\t<section class=\"elementor-section elementor-top-section elementor-element elementor-element-c1f4137 elementor-section-content-middle elementor-section-full_width elementor-section-stretched elementor-section-height-min-height elementor-section-height-default elementor-section-items-middle\" data-id=\"c1f4137\" data-element_type=\"section\" data-settings=\"{&quot;background_background&quot;:&quot;classic&quot;,&quot;stretch_section&quot;:&quot;section-stretched&quot;}\">\n\t\t\t\t\t\t\t<div class=\"elementor-background-overlay\"><\/div>\n\t\t\t\t\t\t\t<div class=\"elementor-container elementor-column-gap-default\">\n\t\t\t\t\t<div class=\"elementor-column elementor-col-50 elementor-top-column elementor-element elementor-element-48f9c71\" data-id=\"48f9c71\" data-element_type=\"column\">\n\t\t\t<div class=\"elementor-widget-wrap elementor-element-populated\">\n\t\t\t\t\t\t<div class=\"elementor-element elementor-element-7ce1112 elementor-widget elementor-widget-button\" data-id=\"7ce1112\" data-element_type=\"widget\" data-widget_type=\"button.default\">\n\t\t\t\t<div class=\"elementor-widget-container\">\n\t\t\t\t\t\t\t\t\t<div class=\"elementor-button-wrapper\">\n\t\t\t\t\t<a class=\"elementor-button elementor-button-link elementor-size-sm\" href=\"https:\/\/porozumienie.org\/?page_id=1801\">\n\t\t\t\t\t\t<span class=\"elementor-button-content-wrapper\">\n\t\t\t\t\t\t\t\t\t<span class=\"elementor-button-text\">Aktywny i \u015bwiadomy swoich praw obywatel - harmonogram zaj\u0119\u0107 oraz plan dzia\u0142ania nieodp\u0142atnego punktu pomocy prawnej w 2024 r.<\/span>\n\t\t\t\t\t<\/span>\n\t\t\t\t\t<\/a>\n\t\t\t\t<\/div>\n\t\t\t\t\t\t\t\t<\/div>\n\t\t\t\t<\/div>\n\t\t\t\t\t<\/div>\n\t\t<\/div>\n\t\t\t\t<div class=\"elementor-column elementor-col-50 elementor-top-column elementor-element elementor-element-82a4a3a\" data-id=\"82a4a3a\" data-element_type=\"column\">\n\t\t\t<div class=\"elementor-widget-wrap elementor-element-populated\">\n\t\t\t\t\t\t<div class=\"elementor-element elementor-element-ea6be09 elementor-widget elementor-widget-heading\" data-id=\"ea6be09\" data-element_type=\"widget\" data-widget_type=\"heading.default\">\n\t\t\t\t<div class=\"elementor-widget-container\">\n\t\t\t\t\t<h2 class=\"elementor-heading-title elementor-size-large\">Concordia res public\u00e6 parv\u00e6 crescunt - discordia magn\u00e6 concidunt<\/h2>\t\t\t\t<\/div>\n\t\t\t\t<\/div>\n\t\t\t\t\t<\/div>\n\t\t<\/div>\n\t\t\t\t\t<\/div>\n\t\t<\/section>\n\t\t\t\t<section class=\"elementor-section elementor-top-section elementor-element elementor-element-099909a elementor-section-content-middle elementor-section-boxed elementor-section-height-default elementor-section-height-default\" data-id=\"099909a\" data-element_type=\"section\" data-settings=\"{&quot;background_background&quot;:&quot;classic&quot;}\">\n\t\t\t\t\t\t\t<div class=\"elementor-background-overlay\"><\/div>\n\t\t\t\t\t\t\t<div class=\"elementor-container elementor-column-gap-default\">\n\t\t\t\t\t<div class=\"elementor-column elementor-col-100 elementor-top-column elementor-element elementor-element-5a20a47\" data-id=\"5a20a47\" data-element_type=\"column\">\n\t\t\t<div class=\"elementor-widget-wrap elementor-element-populated\">\n\t\t\t\t\t\t<section class=\"elementor-section elementor-inner-section elementor-element elementor-element-1239a86 elementor-section-boxed elementor-section-height-default elementor-section-height-default\" data-id=\"1239a86\" data-element_type=\"section\">\n\t\t\t\t\t\t<div class=\"elementor-container elementor-column-gap-default\">\n\t\t\t\t\t<div class=\"elementor-column elementor-col-50 elementor-inner-column elementor-element elementor-element-4b5b320\" data-id=\"4b5b320\" data-element_type=\"column\">\n\t\t\t<div class=\"elementor-widget-wrap elementor-element-populated\">\n\t\t\t\t\t\t<div class=\"elementor-element elementor-element-7426ed9 elementor-widget elementor-widget-heading\" data-id=\"7426ed9\" data-element_type=\"widget\" data-widget_type=\"heading.default\">\n\t\t\t\t<div class=\"elementor-widget-container\">\n\t\t\t\t\t<h2 class=\"elementor-heading-title elementor-size-default\"><a href=\"https:\/\/porozumienie.org\/?page_id=934\">Fundacja Porozumienia Spo\u0142ecznego\n<\/a><\/h2>\t\t\t\t<\/div>\n\t\t\t\t<\/div>\n\t\t\t\t\t<\/div>\n\t\t<\/div>\n\t\t\t\t<div class=\"elementor-column elementor-col-50 elementor-inner-column elementor-element elementor-element-a8c7ed5\" data-id=\"a8c7ed5\" data-element_type=\"column\">\n\t\t\t<div class=\"elementor-widget-wrap elementor-element-populated\">\n\t\t\t\t\t\t<div class=\"elementor-element elementor-element-df7406b elementor-widget elementor-widget-text-editor\" data-id=\"df7406b\" data-element_type=\"widget\" data-widget_type=\"text-editor.default\">\n\t\t\t\t<div class=\"elementor-widget-container\">\n\t\t\t\t\t\t\t\t\t<p><a href=\"https:\/\/porozumienie.org\/?page_id=934\">Fundacja Porozumienia Spo\u0142ecznego zosta\u0142a powo\u0142ana do \u017cycia w celu budowy spo\u0142ecze\u0144stwa obywatelskiego, kt\u00f3re jest \u015bwiadome i aktywne, a tym samym zdolne do uczestnictwa w \u017cyciu publicznym.<\/a><\/p>\t\t\t\t\t\t\t\t<\/div>\n\t\t\t\t<\/div>\n\t\t\t\t\t<\/div>\n\t\t<\/div>\n\t\t\t\t\t<\/div>\n\t\t<\/section>\n\t\t\t\t\t<\/div>\n\t\t<\/div>\n\t\t\t\t\t<\/div>\n\t\t<\/section>\n\t\t\t\t<section class=\"elementor-section elementor-top-section elementor-element elementor-element-b8b3096 elementor-section-content-middle elementor-section-boxed elementor-section-height-default elementor-section-height-default\" data-id=\"b8b3096\" data-element_type=\"section\" data-settings=\"{&quot;background_background&quot;:&quot;classic&quot;}\">\n\t\t\t\t\t\t\t<div class=\"elementor-background-overlay\"><\/div>\n\t\t\t\t\t\t\t<div class=\"elementor-container elementor-column-gap-default\">\n\t\t\t\t\t<div class=\"elementor-column elementor-col-50 elementor-top-column elementor-element elementor-element-fcfbba4\" data-id=\"fcfbba4\" data-element_type=\"column\">\n\t\t\t<div class=\"elementor-widget-wrap elementor-element-populated\">\n\t\t\t\t\t\t<div class=\"elementor-element elementor-element-3aea46a elementor-widget elementor-widget-heading\" data-id=\"3aea46a\" data-element_type=\"widget\" data-widget_type=\"heading.default\">\n\t\t\t\t<div class=\"elementor-widget-container\">\n\t\t\t\t\t<h5 class=\"elementor-heading-title elementor-size-default\"><a href=\"https:\/\/porozumienie.org\/?page_id=906\">Zadania dofinansowane z bud\u017cetu Pa\u0144stwa:<\/a><\/h5>\t\t\t\t<\/div>\n\t\t\t\t<\/div>\n\t\t\t\t<div class=\"elementor-element elementor-element-8c482ad elementor-widget elementor-widget-heading\" data-id=\"8c482ad\" data-element_type=\"widget\" data-widget_type=\"heading.default\">\n\t\t\t\t<div class=\"elementor-widget-container\">\n\t\t\t\t\t<h5 class=\"elementor-heading-title elementor-size-default\"><a href=\"https:\/\/porozumienie.org\/?page_id=1420\">\u201eBezpieczny, czyli \u015bwiadomy i aktywny obywatel\u201d - Edycja 2023<\/a><\/h5>\t\t\t\t<\/div>\n\t\t\t\t<\/div>\n\t\t\t\t<div class=\"elementor-element elementor-element-6180193 elementor-widget elementor-widget-heading\" data-id=\"6180193\" data-element_type=\"widget\" data-widget_type=\"heading.default\">\n\t\t\t\t<div class=\"elementor-widget-container\">\n\t\t\t\t\t<h5 class=\"elementor-heading-title elementor-size-default\"><a href=\"https:\/\/porozumienie.org\/?page_id=1779\">\u201eAktywny i \u015bwiadomy swoich praw obywatel\u201d - Edycja 2023<\/a><\/h5>\t\t\t\t<\/div>\n\t\t\t\t<\/div>\n\t\t\t\t<div class=\"elementor-element elementor-element-ec5f980 elementor-widget elementor-widget-heading\" data-id=\"ec5f980\" data-element_type=\"widget\" data-widget_type=\"heading.default\">\n\t\t\t\t<div class=\"elementor-widget-container\">\n\t\t\t\t\t<h5 class=\"elementor-heading-title elementor-size-default\"><a href=\"https:\/\/porozumienie.org\/?page_id=1024\">\u201eBezpieczny, czyli \u015bwiadomy i zdrowy senior\u201d - Edycja 2022<\/a><\/h5>\t\t\t\t<\/div>\n\t\t\t\t<\/div>\n\t\t\t\t<div class=\"elementor-element elementor-element-d0988d4 elementor-widget elementor-widget-image\" data-id=\"d0988d4\" data-element_type=\"widget\" data-widget_type=\"image.default\">\n\t\t\t\t<div class=\"elementor-widget-container\">\n\t\t\t\t\t\t\t\t\t\t\t\t\t\t\t<img decoding=\"async\" width=\"300\" height=\"100\" src=\"https:\/\/porozumienie.org\/wp-content\/uploads\/2022\/07\/znaki_strona_www-300x100.png\" class=\"attachment-medium size-medium wp-image-1058\" alt=\"\" srcset=\"https:\/\/porozumienie.org\/wp-content\/uploads\/2022\/07\/znaki_strona_www-300x100.png 300w, https:\/\/porozumienie.org\/wp-content\/uploads\/2022\/07\/znaki_strona_www-1024x341.png 1024w, https:\/\/porozumienie.org\/wp-content\/uploads\/2022\/07\/znaki_strona_www-768x256.png 768w, https:\/\/porozumienie.org\/wp-content\/uploads\/2022\/07\/znaki_strona_www-1536x511.png 1536w, https:\/\/porozumienie.org\/wp-content\/uploads\/2022\/07\/znaki_strona_www.png 1751w\" sizes=\"(max-width: 300px) 100vw, 300px\" \/>\t\t\t\t\t\t\t\t\t\t\t\t\t\t\t<\/div>\n\t\t\t\t<\/div>\n\t\t\t\t\t<\/div>\n\t\t<\/div>\n\t\t\t\t<div class=\"elementor-column elementor-col-50 elementor-top-column elementor-element elementor-element-434bffc\" data-id=\"434bffc\" data-element_type=\"column\">\n\t\t\t<div class=\"elementor-widget-wrap elementor-element-populated\">\n\t\t\t\t\t\t<div class=\"elementor-element elementor-element-ce5ee46 elementor-widget elementor-widget-heading\" data-id=\"ce5ee46\" data-element_type=\"widget\" data-widget_type=\"heading.default\">\n\t\t\t\t<div class=\"elementor-widget-container\">\n\t\t\t\t\t<h5 class=\"elementor-heading-title elementor-size-default\"><a href=\"https:\/\/porozumienie.org\/?page_id=906\">POZOSTA\u0141E Projekty Fundacji:<\/a><\/h5>\t\t\t\t<\/div>\n\t\t\t\t<\/div>\n\t\t\t\t<section class=\"elementor-section elementor-inner-section elementor-element elementor-element-383a462 elementor-section-boxed elementor-section-height-default elementor-section-height-default\" data-id=\"383a462\" data-element_type=\"section\">\n\t\t\t\t\t\t<div class=\"elementor-container elementor-column-gap-default\">\n\t\t\t\t\t<div class=\"elementor-column elementor-col-50 elementor-inner-column elementor-element elementor-element-c99cdb9\" data-id=\"c99cdb9\" data-element_type=\"column\">\n\t\t\t<div class=\"elementor-widget-wrap elementor-element-populated\">\n\t\t\t\t\t\t<div class=\"elementor-element elementor-element-9aee520 elementor-widget elementor-widget-heading\" data-id=\"9aee520\" data-element_type=\"widget\" data-widget_type=\"heading.default\">\n\t\t\t\t<div class=\"elementor-widget-container\">\n\t\t\t\t\t<div class=\"elementor-heading-title elementor-size-default\"><a href=\"https:\/\/porozumienie.org\/?page_id=1010\">POMOC \u201eFRANKOWICZOM\u201d<\/a><\/div>\t\t\t\t<\/div>\n\t\t\t\t<\/div>\n\t\t\t\t\t<\/div>\n\t\t<\/div>\n\t\t\t\t<div class=\"elementor-column elementor-col-50 elementor-inner-column elementor-element elementor-element-4241f4d\" data-id=\"4241f4d\" data-element_type=\"column\">\n\t\t\t<div class=\"elementor-widget-wrap elementor-element-populated\">\n\t\t\t\t\t\t<div class=\"elementor-element elementor-element-b53b914 elementor-widget elementor-widget-heading\" data-id=\"b53b914\" data-element_type=\"widget\" data-widget_type=\"heading.default\">\n\t\t\t\t<div class=\"elementor-widget-container\">\n\t\t\t\t\t<div class=\"elementor-heading-title elementor-size-default\"><a href=\"https:\/\/porozumienie.org\/?page_id=966\">FOOTLIGA<\/a><\/div>\t\t\t\t<\/div>\n\t\t\t\t<\/div>\n\t\t\t\t\t<\/div>\n\t\t<\/div>\n\t\t\t\t\t<\/div>\n\t\t<\/section>\n\t\t\t\t\t<\/div>\n\t\t<\/div>\n\t\t\t\t\t<\/div>\n\t\t<\/section>\n\t\t\t\t<section class=\"elementor-section elementor-top-section elementor-element elementor-element-01b3fe0 elementor-section-boxed elementor-section-height-default elementor-section-height-default\" data-id=\"01b3fe0\" data-element_type=\"section\">\n\t\t\t\t\t\t<div class=\"elementor-container elementor-column-gap-default\">\n\t\t\t\t\t<div class=\"elementor-column elementor-col-100 elementor-top-column elementor-element elementor-element-ea7491b\" data-id=\"ea7491b\" data-element_type=\"column\">\n\t\t\t<div class=\"elementor-widget-wrap\">\n\t\t\t\t\t\t\t<\/div>\n\t\t<\/div>\n\t\t\t\t\t<\/div>\n\t\t<\/section>\n\t\t\t\t<\/div>\n\t\t","protected":false},"excerpt":{"rendered":"<p>Aktywny i \u015bwiadomy swoich praw obywatel &#8211; harmonogram zaj\u0119\u0107 oraz plan dzia\u0142ania nieodp\u0142atnego punktu pomocy prawnej w 2024 r. Concordia res public\u00e6 parv\u00e6 crescunt &#8211; discordia magn\u00e6 concidunt Fundacja Porozumienia Spo\u0142ecznego Fundacja Porozumienia Spo\u0142ecznego zosta\u0142a powo\u0142ana do \u017cycia w celu budowy spo\u0142ecze\u0144stwa obywatelskiego, kt\u00f3re jest \u015bwiadome i aktywne, a tym samym zdolne do uczestnictwa w&#8230;<\/p>\n","protected":false},"author":1,"featured_media":436,"parent":0,"menu_order":0,"comment_status":"closed","ping_status":"closed","template":"","meta":{"_kadence_starter_templates_imported_post":true,"_kad_post_transparent":"","_kad_post_title":"hide","_kad_post_layout":"fullwidth","_kad_post_sidebar_id":"","_kad_post_content_style":"unboxed","_kad_post_vertical_padding":"hide","_kad_post_feature":"hide","_kad_post_feature_position":"","_kad_post_header":false,"_kad_post_footer":false,"footnotes":""},"class_list":["post-691","page","type-page","status-publish","has-post-thumbnail","hentry"],"yoast_head":"<!-- This site is optimized with the Yoast SEO plugin v24.5 - https:\/\/yoast.com\/wordpress\/plugins\/seo\/ -->\n<title>Home - Fundacja Porozumienia Spo\u0142ecznego<\/title>\n<meta name=\"robots\" content=\"index, follow, max-snippet:-1, max-image-preview:large, max-video-preview:-1\" \/>\n<link rel=\"canonical\" href=\"https:\/\/porozumienie.org\/\" \/>\n<meta property=\"og:locale\" content=\"pl_PL\" \/>\n<meta property=\"og:type\" content=\"article\" \/>\n<meta property=\"og:title\" content=\"Home - Fundacja Porozumienia Spo\u0142ecznego\" \/>\n<meta property=\"og:description\" content=\"Aktywny i \u015bwiadomy swoich praw obywatel &#8211; harmonogram zaj\u0119\u0107 oraz plan dzia\u0142ania nieodp\u0142atnego punktu pomocy prawnej w 2024 r. Concordia res public\u00e6 parv\u00e6 crescunt &#8211; discordia magn\u00e6 concidunt Fundacja Porozumienia Spo\u0142ecznego Fundacja Porozumienia Spo\u0142ecznego zosta\u0142a powo\u0142ana do \u017cycia w celu budowy spo\u0142ecze\u0144stwa obywatelskiego, kt\u00f3re jest \u015bwiadome i aktywne, a tym samym zdolne do uczestnictwa w...\" \/>\n<meta property=\"og:url\" content=\"https:\/\/porozumienie.org\/\" \/>\n<meta property=\"og:site_name\" content=\"Fundacja Porozumienia Spo\u0142ecznego\" \/>\n<meta property=\"article:modified_time\" content=\"2025-02-21T18:21:20+00:00\" \/>\n<meta name=\"twitter:card\" content=\"summary_large_image\" \/>\n<meta name=\"twitter:label1\" content=\"Szacowany czas czytania\" \/>\n\t<meta name=\"twitter:data1\" content=\"1 minuta\" \/>\n<script type=\"application\/ld+json\" class=\"yoast-schema-graph\">{\"@context\":\"https:\/\/schema.org\",\"@graph\":[{\"@type\":\"WebPage\",\"@id\":\"https:\/\/porozumienie.org\/\",\"url\":\"https:\/\/porozumienie.org\/\",\"name\":\"Home - Fundacja Porozumienia Spo\u0142ecznego\",\"isPartOf\":{\"@id\":\"https:\/\/porozumienie.org\/#website\"},\"primaryImageOfPage\":{\"@id\":\"https:\/\/porozumienie.org\/#primaryimage\"},\"image\":{\"@id\":\"https:\/\/porozumienie.org\/#primaryimage\"},\"thumbnailUrl\":\"\",\"datePublished\":\"2021-09-07T10:11:43+00:00\",\"dateModified\":\"2025-02-21T18:21:20+00:00\",\"breadcrumb\":{\"@id\":\"https:\/\/porozumienie.org\/#breadcrumb\"},\"inLanguage\":\"pl-PL\",\"potentialAction\":[{\"@type\":\"ReadAction\",\"target\":[\"https:\/\/porozumienie.org\/\"]}]},{\"@type\":\"ImageObject\",\"inLanguage\":\"pl-PL\",\"@id\":\"https:\/\/porozumienie.org\/#primaryimage\",\"url\":\"\",\"contentUrl\":\"\"},{\"@type\":\"BreadcrumbList\",\"@id\":\"https:\/\/porozumienie.org\/#breadcrumb\",\"itemListElement\":[{\"@type\":\"ListItem\",\"position\":1,\"name\":\"Home\",\"item\":\"https:\/\/porozumienie.org\/\"},{\"@type\":\"ListItem\",\"position\":2,\"name\":\"Home\"}]},{\"@type\":\"WebSite\",\"@id\":\"https:\/\/porozumienie.org\/#website\",\"url\":\"https:\/\/porozumienie.org\/\",\"name\":\"Fundacja Porozumienia Spo\u0142ecznego\",\"description\":\"Zgoda buduje\",\"publisher\":{\"@id\":\"https:\/\/porozumienie.org\/#organization\"},\"potentialAction\":[{\"@type\":\"SearchAction\",\"target\":{\"@type\":\"EntryPoint\",\"urlTemplate\":\"https:\/\/porozumienie.org\/?s={search_term_string}\"},\"query-input\":{\"@type\":\"PropertyValueSpecification\",\"valueRequired\":true,\"valueName\":\"search_term_string\"}}],\"inLanguage\":\"pl-PL\"},{\"@type\":\"Organization\",\"@id\":\"https:\/\/porozumienie.org\/#organization\",\"name\":\"Fundacja Porozumienia Spo\u0142ecznego\",\"url\":\"https:\/\/porozumienie.org\/\",\"logo\":{\"@type\":\"ImageObject\",\"inLanguage\":\"pl-PL\",\"@id\":\"https:\/\/porozumienie.org\/#\/schema\/logo\/image\/\",\"url\":\"https:\/\/porozumienie.org\/wp-content\/uploads\/2022\/03\/cropped-cropped-Logo-1.png\",\"contentUrl\":\"https:\/\/porozumienie.org\/wp-content\/uploads\/2022\/03\/cropped-cropped-Logo-1.png\",\"width\":512,\"height\":246,\"caption\":\"Fundacja Porozumienia Spo\u0142ecznego\"},\"image\":{\"@id\":\"https:\/\/porozumienie.org\/#\/schema\/logo\/image\/\"}}]}<\/script>\n<!-- \/ Yoast SEO plugin. -->","yoast_head_json":{"title":"Home - Fundacja Porozumienia Spo\u0142ecznego","robots":{"index":"index","follow":"follow","max-snippet":"max-snippet:-1","max-image-preview":"max-image-preview:large","max-video-preview":"max-video-preview:-1"},"canonical":"https:\/\/porozumienie.org\/","og_locale":"pl_PL","og_type":"article","og_title":"Home - Fundacja Porozumienia Spo\u0142ecznego","og_description":"Aktywny i \u015bwiadomy swoich praw obywatel &#8211; harmonogram zaj\u0119\u0107 oraz plan dzia\u0142ania nieodp\u0142atnego punktu pomocy prawnej w 2024 r. Concordia res public\u00e6 parv\u00e6 crescunt &#8211; discordia magn\u00e6 concidunt Fundacja Porozumienia Spo\u0142ecznego Fundacja Porozumienia Spo\u0142ecznego zosta\u0142a powo\u0142ana do \u017cycia w celu budowy spo\u0142ecze\u0144stwa obywatelskiego, kt\u00f3re jest \u015bwiadome i aktywne, a tym samym zdolne do uczestnictwa w...","og_url":"https:\/\/porozumienie.org\/","og_site_name":"Fundacja Porozumienia Spo\u0142ecznego","article_modified_time":"2025-02-21T18:21:20+00:00","twitter_card":"summary_large_image","twitter_misc":{"Szacowany czas czytania":"1 minuta"},"schema":{"@context":"https:\/\/schema.org","@graph":[{"@type":"WebPage","@id":"https:\/\/porozumienie.org\/","url":"https:\/\/porozumienie.org\/","name":"Home - Fundacja Porozumienia Spo\u0142ecznego","isPartOf":{"@id":"https:\/\/porozumienie.org\/#website"},"primaryImageOfPage":{"@id":"https:\/\/porozumienie.org\/#primaryimage"},"image":{"@id":"https:\/\/porozumienie.org\/#primaryimage"},"thumbnailUrl":"","datePublished":"2021-09-07T10:11:43+00:00","dateModified":"2025-02-21T18:21:20+00:00","breadcrumb":{"@id":"https:\/\/porozumienie.org\/#breadcrumb"},"inLanguage":"pl-PL","potentialAction":[{"@type":"ReadAction","target":["https:\/\/porozumienie.org\/"]}]},{"@type":"ImageObject","inLanguage":"pl-PL","@id":"https:\/\/porozumienie.org\/#primaryimage","url":"","contentUrl":""},{"@type":"BreadcrumbList","@id":"https:\/\/porozumienie.org\/#breadcrumb","itemListElement":[{"@type":"ListItem","position":1,"name":"Home","item":"https:\/\/porozumienie.org\/"},{"@type":"ListItem","position":2,"name":"Home"}]},{"@type":"WebSite","@id":"https:\/\/porozumienie.org\/#website","url":"https:\/\/porozumienie.org\/","name":"Fundacja Porozumienia Spo\u0142ecznego","description":"Zgoda buduje","publisher":{"@id":"https:\/\/porozumienie.org\/#organization"},"potentialAction":[{"@type":"SearchAction","target":{"@type":"EntryPoint","urlTemplate":"https:\/\/porozumienie.org\/?s={search_term_string}"},"query-input":{"@type":"PropertyValueSpecification","valueRequired":true,"valueName":"search_term_string"}}],"inLanguage":"pl-PL"},{"@type":"Organization","@id":"https:\/\/porozumienie.org\/#organization","name":"Fundacja Porozumienia Spo\u0142ecznego","url":"https:\/\/porozumienie.org\/","logo":{"@type":"ImageObject","inLanguage":"pl-PL","@id":"https:\/\/porozumienie.org\/#\/schema\/logo\/image\/","url":"https:\/\/porozumienie.org\/wp-content\/uploads\/2022\/03\/cropped-cropped-Logo-1.png","contentUrl":"https:\/\/porozumienie.org\/wp-content\/uploads\/2022\/03\/cropped-cropped-Logo-1.png","width":512,"height":246,"caption":"Fundacja Porozumienia Spo\u0142ecznego"},"image":{"@id":"https:\/\/porozumienie.org\/#\/schema\/logo\/image\/"}}]}},"_links":{"self":[{"href":"https:\/\/porozumienie.org\/index.php?rest_route=\/wp\/v2\/pages\/691","targetHints":{"allow":["GET"]}}],"collection":[{"href":"https:\/\/porozumienie.org\/index.php?rest_route=\/wp\/v2\/pages"}],"about":[{"href":"https:\/\/porozumienie.org\/index.php?rest_route=\/wp\/v2\/types\/page"}],"author":[{"embeddable":true,"href":"https:\/\/porozumienie.org\/index.php?rest_route=\/wp\/v2\/users\/1"}],"replies":[{"embeddable":true,"href":"https:\/\/porozumienie.org\/index.php?rest_route=%2Fwp%2Fv2%2Fcomments&post=691"}],"version-history":[{"count":250,"href":"https:\/\/porozumienie.org\/index.php?rest_route=\/wp\/v2\/pages\/691\/revisions"}],"predecessor-version":[{"id":1874,"href":"https:\/\/porozumienie.org\/index.php?rest_route=\/wp\/v2\/pages\/691\/revisions\/1874"}],"wp:featuredmedia":[{"embeddable":true,"href":"https:\/\/porozumienie.org\/index.php?rest_route=\/"}],"wp:attachment":[{"href":"https:\/\/porozumienie.org\/index.php?rest_route=%2Fwp%2Fv2%2Fmedia&parent=691"}],"curies":[{"name":"wp","href":"https:\/\/api.w.org\/{rel}","templated":true}]}}